{"id":1384,"date":"2022-01-20T08:55:57","date_gmt":"2022-01-20T07:55:57","guid":{"rendered":"https:\/\/wordpress.vecurosoft.com\/kundax\/?page_id=1384"},"modified":"2024-11-02T12:13:53","modified_gmt":"2024-11-02T17:13:53","slug":"services","status":"publish","type":"page","link":"https:\/\/libline.quimint.com\/index.php\/services\/","title":{"rendered":"Categorias"},"content":{"rendered":"\t\t<div data-elementor-type=\"wp-page\" data-elementor-id=\"1384\" class=\"elementor elementor-1384\">\n\t\t\t\t\t\t<section class=\"elementor-section elementor-top-section elementor-element elementor-element-78a4c1a elementor-section-full_width elementor-section-height-default elementor-section-height-default\" data-id=\"78a4c1a\" data-element_type=\"section\">\n\t\t\t\t\t\t<div class=\"elementor-container elementor-column-gap-no\">\n\t\t\t\t\t<div class=\"elementor-column elementor-col-100 elementor-top-column elementor-element elementor-element-cd8bd03\" data-id=\"cd8bd03\" data-element_type=\"column\">\n\t\t\t<div class=\"elementor-widget-wrap elementor-element-populated\">\n\t\t\t\t\r\n<!--======== \/ Gallery Section ========-->\t\t<div class=\"elementor-element elementor-element-a787e93 elementor-widget elementor-widget-kundaxservicewidget\" data-id=\"a787e93\" data-element_type=\"widget\" data-widget_type=\"kundaxservicewidget.default\">\n\t\t\t\t<div class=\"elementor-widget-container\">\n\t\t\t<!-----------------------Start Serivice Slider Area-----------------------><div class=\"service-section space service-layout2\"><div class=\"container\"><div class=\"row mb-30 align-items-center wow fadeInUp\" data-wow-delay=\"0.2s\"><\/div><div class=\"row gy-30\"><!-- Single Item --><div class=\"col-xl-4 col-md-6\"><div class=\"service-box\" data-overlay=\"title\" data-opacity=\"6\"><div class=\"service-img\"><img decoding=\"async\" src=\"https:\/\/libline.quimint.com\/wp-content\/uploads\/2024\/09\/Ciencias-N.jpg\" alt=\"Ha ocurrido un error.\"  \/><\/div><div class=\"service-content\"><div class=\"service-icon\"><img decoding=\"async\" src=\"https:\/\/libline.quimint.com\/wp-content\/uploads\/2024\/09\/Ciencias-Color.png\" alt=\"Ha ocurrido un error.\"  \/><\/div><h3 class=\"service-title\"><a href=\"https:\/\/libline.quimint.com\/index.php\/categoria-de-ciencias\/\">Ciencias<\/a><\/h3><p class=\"service-text\">Explora libros sobre biolog\u00eda, qu\u00edmica, f\u00edsica y ciencias naturales que fomentan la curiosidad y el conocimiento del mundo.<\/p><a href=\"https:\/\/libline.quimint.com\/index.php\/categoria-de-ciencias\/\" class=\"vs-btn style-2\">Ver M\u00e1s<\/a><\/div><\/div><\/div><!-- Single Item --><div class=\"col-xl-4 col-md-6\"><div class=\"service-box\" data-overlay=\"title\" data-opacity=\"6\"><div class=\"service-img\"><img decoding=\"async\" src=\"https:\/\/libline.quimint.com\/wp-content\/uploads\/2024\/09\/Literatura-N.jpg\" alt=\"Ha ocurrido un error.\"  \/><\/div><div class=\"service-content\"><div class=\"service-icon\"><img decoding=\"async\" src=\"https:\/\/libline.quimint.com\/wp-content\/uploads\/2024\/09\/Literatura.png\" alt=\"Ha ocurrido un error.\"  \/><\/div><h3 class=\"service-title\"><a href=\"https:\/\/libline.quimint.com\/index.php\/categoria-literatura\/\">Literatura<\/a><\/h3><p class=\"service-text\">Descubre obras cl\u00e1sicas y contempor\u00e1neas que enriquecen la imaginaci\u00f3n y el pensamiento cr\u00edtico a trav\u00e9s de la lectura.<\/p><a href=\"https:\/\/libline.quimint.com\/index.php\/categoria-literatura\/\" class=\"vs-btn style-2\">Ver M\u00e1s<\/a><\/div><\/div><\/div><!-- Single Item --><div class=\"col-xl-4 col-md-6\"><div class=\"service-box\" data-overlay=\"title\" data-opacity=\"6\"><div class=\"service-img\"><img decoding=\"async\" src=\"https:\/\/libline.quimint.com\/wp-content\/uploads\/2024\/09\/Historia-N.jpg\" alt=\"Ha ocurrido un error.\"  \/><\/div><div class=\"service-content\"><div class=\"service-icon\"><img decoding=\"async\" src=\"https:\/\/libline.quimint.com\/wp-content\/uploads\/2024\/09\/Historia-Color.png\" alt=\"Ha ocurrido un error.\"  \/><\/div><h3 class=\"service-title\"><a href=\"https:\/\/libline.quimint.com\/index.php\/categoria-historia\/\">Historia<\/a><\/h3><p class=\"service-text\">Sum\u00e9rgete en relatos y an\u00e1lisis de eventos pasados que moldearon nuestra sociedad y cultura, desde civilizaciones antiguas hasta la actualidad.<\/p><a href=\"https:\/\/libline.quimint.com\/index.php\/categoria-historia\/\" class=\"vs-btn style-2\">Ver M\u00e1s<\/a><\/div><\/div><\/div><!-- Single Item --><div class=\"col-xl-4 col-md-6\"><div class=\"service-box\" data-overlay=\"title\" data-opacity=\"6\"><div class=\"service-img\"><img decoding=\"async\" src=\"https:\/\/libline.quimint.com\/wp-content\/uploads\/2024\/09\/Matematicas-N.jpg\" alt=\"Ha ocurrido un error.\"  \/><\/div><div class=\"service-content\"><div class=\"service-icon\"><img decoding=\"async\" src=\"https:\/\/libline.quimint.com\/wp-content\/uploads\/2024\/09\/Matematicas.png\" alt=\"Ha ocurrido un error.\"  \/><\/div><h3 class=\"service-title\"><a href=\"https:\/\/libline.quimint.com\/index.php\/categoria-matematicas\/\">Matem\u00e1ticas<\/a><\/h3><p class=\"service-text\">Accede a recursos que abarcan conceptos fundamentales y avanzados, ayudando a fortalecer habilidades y resolver problemas.<\/p><a href=\"https:\/\/libline.quimint.com\/index.php\/categoria-matematicas\/\" class=\"vs-btn style-2\">Ver M\u00e1s<\/a><\/div><\/div><\/div><!-- Single Item --><div class=\"col-xl-4 col-md-6\"><div class=\"service-box\" data-overlay=\"title\" data-opacity=\"6\"><div class=\"service-img\"><img decoding=\"async\" src=\"https:\/\/libline.quimint.com\/wp-content\/uploads\/2024\/11\/Ingles.jpg\" alt=\"Ha ocurrido un error.\"  \/><\/div><div class=\"service-content\"><div class=\"service-icon\"><img decoding=\"async\" src=\"https:\/\/libline.quimint.com\/wp-content\/uploads\/2024\/11\/Ingles.png\" alt=\"Ha ocurrido un error.\"  \/><\/div><h3 class=\"service-title\"><a href=\"https:\/\/libline.quimint.com\/index.php\/categoria-ingles\/\">Ingles<\/a><\/h3><p class=\"service-text\">Descubre libros y recursos que te ayudar\u00e1n a mejorar tus habilidades en ingl\u00e9s de manera divertida y efectiva. \u00a1Aprende y disfruta!<\/p><a href=\"https:\/\/libline.quimint.com\/index.php\/categoria-ingles\/\" class=\"vs-btn style-2\">Ver M\u00e1s<\/a><\/div><\/div><\/div><!-- Single Item --><div class=\"col-xl-4 col-md-6\"><div class=\"service-box\" data-overlay=\"title\" data-opacity=\"6\"><div class=\"service-img\"><img decoding=\"async\" src=\"https:\/\/libline.quimint.com\/wp-content\/uploads\/2024\/09\/Infantil-N.jpg\" alt=\"Ha ocurrido un error.\"  \/><\/div><div class=\"service-content\"><div class=\"service-icon\"><img decoding=\"async\" src=\"https:\/\/libline.quimint.com\/wp-content\/uploads\/2024\/09\/Infantil-.png\" alt=\"Ha ocurrido un error.\"  \/><\/div><h3 class=\"service-title\"><a href=\"https:\/\/libline.quimint.com\/index.php\/categoria-infantil\/\">Infantil<\/a><\/h3><p class=\"service-text\">Descubre libros llenos de aventuras y aprendizajes dise\u00f1ados especialmente para los m\u00e1s peque\u00f1os.<\/p><a href=\"https:\/\/libline.quimint.com\/index.php\/categoria-infantil\/\" class=\"vs-btn style-2\">Ver M\u00e1s<\/a><\/div><\/div><\/div><!-- Single Item --><div class=\"col-xl-4 col-md-6\"><div class=\"service-box\" data-overlay=\"title\" data-opacity=\"6\"><div class=\"service-img\"><img decoding=\"async\" src=\"https:\/\/libline.quimint.com\/wp-content\/uploads\/2024\/10\/Religion-N.jpg\" alt=\"Ha ocurrido un error.\"  \/><\/div><div class=\"service-content\"><div class=\"service-icon\"><img decoding=\"async\" src=\"https:\/\/libline.quimint.com\/wp-content\/uploads\/2024\/10\/Religion.png\" alt=\"Ha ocurrido un error.\"  \/><\/div><h3 class=\"service-title\"><a href=\"https:\/\/libline.quimint.com\/index.php\/categoria-de-religion\/\">Religion<\/a><\/h3><p class=\"service-text\">Descubre libros que te inspiran a profundizar en tu fe y fortalecer tu espiritualidad.<\/p><a href=\"https:\/\/libline.quimint.com\/index.php\/categoria-de-religion\/\" class=\"vs-btn style-2\">Ver M\u00e1s<\/a><\/div><\/div><\/div><!-- Single Item --><div class=\"col-xl-4 col-md-6\"><div class=\"service-box\" data-overlay=\"title\" data-opacity=\"6\"><div class=\"service-img\"><img decoding=\"async\" src=\"https:\/\/libline.quimint.com\/wp-content\/uploads\/2024\/10\/Guias-Y-Aprendizaje-N.jpg\" alt=\"Ha ocurrido un error.\"  \/><\/div><div class=\"service-content\"><div class=\"service-icon\"><img decoding=\"async\" src=\"https:\/\/libline.quimint.com\/wp-content\/uploads\/2024\/10\/Guias-y-Aprendizaje.png\" alt=\"Ha ocurrido un erro.\"  \/><\/div><h3 class=\"service-title\"><a href=\"https:\/\/libline.quimint.com\/index.php\/categoria-guia-aprendizaje\/\">Guias y Aprendizaje<\/a><\/h3><p class=\"service-text\">Encuentra herramientas clave para mejorar tu aprendizaje y alcanzar tus objetivos educativos.<\/p><a href=\"https:\/\/libline.quimint.com\/index.php\/categoria-guia-aprendizaje\/\" class=\"vs-btn style-2\">Ver M\u00e1s<\/a><\/div><\/div><\/div><!-- Single Item --><div class=\"col-xl-4 col-md-6\"><div class=\"service-box\" data-overlay=\"title\" data-opacity=\"6\"><div class=\"service-img\"><img decoding=\"async\" src=\"https:\/\/libline.quimint.com\/wp-content\/uploads\/2024\/10\/Tematicas-Especificas-4.jpg\" alt=\"Ha ocurrido un error.\"  \/><\/div><div class=\"service-content\"><div class=\"service-icon\"><img decoding=\"async\" src=\"https:\/\/libline.quimint.com\/wp-content\/uploads\/2024\/10\/Tematicas-Especificas.png\" alt=\"Ha ocurrido un error.\"  \/><\/div><h3 class=\"service-title\"><a href=\"https:\/\/libline.quimint.com\/index.php\/categoria-tematicas-especificas\/\">Tematicas Especificas<\/a><\/h3><p class=\"service-text\">Explora libros especializados que te brindan conocimientos profundos en \u00e1reas diversas.<\/p><a href=\"https:\/\/libline.quimint.com\/index.php\/categoria-tematicas-especificas\/\" class=\"vs-btn style-2\">Ver M\u00e1s<\/a><\/div><\/div><\/div><\/div><\/div><\/div><!-----------------------End Serivice Slider Area----------------------->\t\t<\/div>\n\t\t\t\t<\/div>\n\t\t\t\t\t<\/div>\n\t\t<\/div>\n\t\t\t\t\t<\/div>\n\t\t<\/section>\n\t\t\t\t<section class=\"elementor-section elementor-top-section elementor-element elementor-element-7e4c586 elementor-section-full_width elementor-section-height-default elementor-section-height-default\" data-id=\"7e4c586\" data-element_type=\"section\" data-settings=\"{&quot;background_background&quot;:&quot;classic&quot;}\">\n\t\t\t\t\t\t\t<div class=\"elementor-background-overlay\"><\/div>\n\t\t\t\t\t\t\t<div class=\"elementor-container elementor-column-gap-no\">\n\t\t\t\t\t<div class=\"elementor-column elementor-col-100 elementor-top-column elementor-element elementor-element-4225484\" data-id=\"4225484\" data-element_type=\"column\">\n\t\t\t<div class=\"elementor-widget-wrap elementor-element-populated\">\n\t\t\t\t\t\t<div class=\"elementor-element elementor-element-92eca16 elementor-widget elementor-widget-kundaxcta\" data-id=\"92eca16\" data-element_type=\"widget\" data-widget_type=\"kundaxcta.default\">\n\t\t\t\t<div class=\"elementor-widget-container\">\n\t\t\t<!-----------------------Start CTA Area-----------------------><div class=\"cta-section space\"><div class=\"container text-center\"><div class=\"title-area mb-35 wow fadeInUp\" data-wow-delay=\"0.2s\"><h2 class=\"sec-title\">Abre la puerta a nuevas historias y aprendizajes. <br> <\/h2><\/div><a href=\"https:\/\/libline.quimint.com\/index.php\/contact\/\" class=\"vs-btn wave-btn\">Cont\u00e1ctanos<\/a><\/div><div class=\"section-before style-2\"><img decoding=\"async\" src=\"https:\/\/wordpress.vecurosoft.com\/knirpse\/wp-content\/uploads\/2022\/01\/main-shape-before.png\" alt=\"Libline\"><\/div><\/div><!-----------------------End CTA Area----------------------->\t\t<\/div>\n\t\t\t\t<\/div>\n\t\t\t\t\t<\/div>\n\t\t<\/div>\n\t\t\t\t\t<\/div>\n\t\t<\/section>\n\t\t\t\t<\/div>\n\t\t","protected":false},"excerpt":{"rendered":"<p>Ciencias Explora libros sobre biolog\u00eda, qu\u00edmica, f\u00edsica y ciencias naturales que fomentan la curiosidad y el conocimiento del mundo. Ver M\u00e1s Literatura Descubre obras cl\u00e1sicas y contempor\u00e1neas que enriquecen la&#8230;<\/p>\n","protected":false},"author":1,"featured_media":0,"parent":0,"menu_order":0,"comment_status":"closed","ping_status":"closed","template":"template-builder.php","meta":{"_monsterinsights_skip_tracking":false,"_monsterinsights_sitenote_active":false,"_monsterinsights_sitenote_note":"","_monsterinsights_sitenote_category":0,"_price":"","_stock":"","_tribe_ticket_header":"","_tribe_default_ticket_provider":"","_tribe_ticket_capacity":"0","_ticket_start_date":"","_ticket_end_date":"","_tribe_ticket_show_description":"","_tribe_ticket_show_not_going":false,"_tribe_ticket_use_global_stock":"","_tribe_ticket_global_stock_level":"","_global_stock_mode":"","_global_stock_cap":"","_tribe_rsvp_for_event":"","_tribe_ticket_going_count":"","_tribe_ticket_not_going_count":"","_tribe_tickets_list":"[]","_tribe_ticket_has_attendee_info_fields":false,"footnotes":""},"class_list":["post-1384","page","type-page","status-publish","hentry"],"aioseo_notices":[],"ticketed":false,"_links":{"self":[{"href":"https:\/\/libline.quimint.com\/index.php\/wp-json\/wp\/v2\/pages\/1384","targetHints":{"allow":["GET"]}}],"collection":[{"href":"https:\/\/libline.quimint.com\/index.php\/wp-json\/wp\/v2\/pages"}],"about":[{"href":"https:\/\/libline.quimint.com\/index.php\/wp-json\/wp\/v2\/types\/page"}],"author":[{"embeddable":true,"href":"https:\/\/libline.quimint.com\/index.php\/wp-json\/wp\/v2\/users\/1"}],"replies":[{"embeddable":true,"href":"https:\/\/libline.quimint.com\/index.php\/wp-json\/wp\/v2\/comments?post=1384"}],"version-history":[{"count":51,"href":"https:\/\/libline.quimint.com\/index.php\/wp-json\/wp\/v2\/pages\/1384\/revisions"}],"predecessor-version":[{"id":5396,"href":"https:\/\/libline.quimint.com\/index.php\/wp-json\/wp\/v2\/pages\/1384\/revisions\/5396"}],"wp:attachment":[{"href":"https:\/\/libline.quimint.com\/index.php\/wp-json\/wp\/v2\/media?parent=1384"}],"curies":[{"name":"wp","href":"https:\/\/api.w.org\/{rel}","templated":true}]}}