{"id":1735,"date":"2022-01-24T21:22:02","date_gmt":"2022-01-24T20:22:02","guid":{"rendered":"https:\/\/wordpress.vecurosoft.com\/kundax\/?page_id=1735"},"modified":"2024-09-28T08:03:29","modified_gmt":"2024-09-28T13:03:29","slug":"contact","status":"publish","type":"page","link":"https:\/\/libline.quimint.com\/index.php\/contact\/","title":{"rendered":"Contactanos"},"content":{"rendered":"\t\t<div data-elementor-type=\"wp-page\" data-elementor-id=\"1735\" class=\"elementor elementor-1735\">\n\t\t\t\t\t\t<section class=\"elementor-section elementor-top-section elementor-element elementor-element-c0c0ea3 elementor-section-boxed elementor-section-height-default elementor-section-height-default\" data-id=\"c0c0ea3\" data-element_type=\"section\">\n\t\t\t\t\t\t<div class=\"elementor-container elementor-column-gap-no\">\n\t\t\t\t\t<div class=\"elementor-column elementor-col-100 elementor-top-column elementor-element elementor-element-03fa6e9\" data-id=\"03fa6e9\" data-element_type=\"column\">\n\t\t\t<div class=\"elementor-widget-wrap elementor-element-populated\">\n\t\t\t\t\t\t<section class=\"elementor-section elementor-inner-section elementor-element elementor-element-8f775e3 elementor-section-full_width elementor-section-height-default elementor-section-height-default\" data-id=\"8f775e3\" data-element_type=\"section\">\n\t\t\t\t\t\t<div class=\"elementor-container elementor-column-gap-no\">\n\t\t\t\t\t<div class=\"elementor-column elementor-col-50 elementor-inner-column elementor-element elementor-element-c9d7be6\" data-id=\"c9d7be6\" data-element_type=\"column\">\n\t\t\t<div class=\"elementor-widget-wrap elementor-element-populated\">\n\t\t\t\t\r\n<!--======== \/ Gallery Section ========-->\t\t<div class=\"elementor-element elementor-element-b00209a elementor-widget elementor-widget-kundaxappointmentwidget\" data-id=\"b00209a\" data-element_type=\"widget\" data-widget_type=\"kundaxappointmentwidget.default\">\n\t\t\t\t<div class=\"elementor-widget-container\">\n\t\t\t<!-----------------------Start Appointment Area-----------------------><div class=\"contact-form-box\"><h2 class=\"contact-title\">Cont\u00e1ctanos y accede a todo lo que necesitas.<\/h2><p class=\"mb-35\">Estamos aqu\u00ed para ayudarte, cont\u00e1ctanos y descubre todo lo que Lib-Line tiene para ofrecerte.<\/p><div class=\"contact-form\">\n<div class=\"wpcf7 no-js\" id=\"wpcf7-f1734-o1\" lang=\"en-US\" dir=\"ltr\">\n<div class=\"screen-reader-response\"><p role=\"status\" aria-live=\"polite\" aria-atomic=\"true\"><\/p> <ul><\/ul><\/div>\n<form action=\"\/index.php\/wp-json\/wp\/v2\/pages\/1735#wpcf7-f1734-o1\" method=\"post\" class=\"wpcf7-form init\" aria-label=\"Contact form\" novalidate=\"novalidate\" data-status=\"init\">\n<div style=\"display: none;\">\n<input type=\"hidden\" name=\"_wpcf7\" value=\"1734\" \/>\n<input type=\"hidden\" name=\"_wpcf7_version\" value=\"5.9.8\" \/>\n<input type=\"hidden\" name=\"_wpcf7_locale\" value=\"en_US\" \/>\n<input type=\"hidden\" name=\"_wpcf7_unit_tag\" value=\"wpcf7-f1734-o1\" \/>\n<input type=\"hidden\" name=\"_wpcf7_container_post\" value=\"0\" \/>\n<input type=\"hidden\" name=\"_wpcf7_posted_data_hash\" value=\"\" \/>\n<\/div>\n<div class=\"row\">\n<div class=\"form-group col-12\"><label for=\"text-996\" class=\"form-label\">Your Name*<\/label> <span class=\"wpcf7-form-control-wrap\" data-name=\"text-996\"><input size=\"40\" maxlength=\"400\" class=\"wpcf7-form-control wpcf7-text wpcf7-validates-as-required form-control\" id=\"text-996\" aria-required=\"true\" aria-invalid=\"false\" placeholder=\"David Smith...\" value=\"\" type=\"text\" name=\"text-996\" \/><\/span><\/div><div class=\"form-group col-12\"><label for=\"email-917\" class=\"form-label\">Your Email*<\/label><span class=\"wpcf7-form-control-wrap\" data-name=\"email-917\"><input size=\"40\" maxlength=\"400\" class=\"wpcf7-form-control wpcf7-email wpcf7-validates-as-required wpcf7-text wpcf7-validates-as-email form-control\" id=\"email-917\" aria-required=\"true\" aria-invalid=\"false\" placeholder=\"info@example.com\" value=\"\" type=\"email\" name=\"email-917\" \/><\/span> <\/div><div class=\"form-group col-12\"><label for=\"textarea-296\" class=\"form-label\">Your Message*<\/label><span class=\"wpcf7-form-control-wrap\" data-name=\"textarea-296\"><textarea cols=\"40\" rows=\"10\" maxlength=\"2000\" class=\"wpcf7-form-control wpcf7-textarea form-control\" id=\"textarea-296\" aria-invalid=\"false\" placeholder=\"Describe Your Opinion\" name=\"textarea-296\"><\/textarea><\/span><\/div><div class=\"form-group col-12 mb-0\"><button type=\"submit\" class=\"vs-btn wave-btn\">Send Now<\/button><\/div>\n<\/div><p class=\"form-messages mb-0 mt-3\"><\/p><div class=\"wpcf7-response-output\" aria-hidden=\"true\"><\/div>\n<\/form>\n<\/div>\n<\/div><\/div><!-----------------------End Appointment Area----------------------->\t\t<\/div>\n\t\t\t\t<\/div>\n\t\t\t\t\t<\/div>\n\t\t<\/div>\n\t\t\t\t<div class=\"elementor-column elementor-col-50 elementor-inner-column elementor-element elementor-element-50199d4\" data-id=\"50199d4\" data-element_type=\"column\">\n\t\t\t<div class=\"elementor-widget-wrap elementor-element-populated\">\n\t\t\t\t\t\t<div class=\"elementor-element elementor-element-ab59153 elementor-widget elementor-widget-kundaxcontactinfowidget\" data-id=\"ab59153\" data-element_type=\"widget\" data-widget_type=\"kundaxcontactinfowidget.default\">\n\t\t\t\t<div class=\"elementor-widget-container\">\n\t\t\t<!-----------------------Start Contact Informations-----------------------><div class=\"contact-info-box\"><h2 class=\"contact-title\">Nuestra informaci\u00f3n <\/h2><div class=\"info-media\"><div class=\"media-icon\"><img decoding=\"async\" src=\"https:\/\/libline.quimint.com\/wp-content\/uploads\/2024\/09\/Ubicacion.png\" alt=\"Ha ocurrido un error.\"  \/><\/div><div class=\"media-body\"><h4 class=\"info-title\">Direcci\u00f3n:<\/h4><p class=\"info-text\">Centro Educativo Dios es Amor sede Cazuca.<\/p><\/div><\/div><div class=\"info-media\"><div class=\"media-icon\"><img decoding=\"async\" src=\"https:\/\/libline.quimint.com\/wp-content\/uploads\/2024\/09\/Redes-Sociales.png\" alt=\"Ha ocurrido un error.\"  \/><\/div><div class=\"media-body\"><h4 class=\"info-title\">Redes Sociales<\/h4><p class=\"info-text\"><a href=\"tel:Instagram\">Instagram<\/a> (or) <a href=\"tel:Facebook\">Facebook<\/a><\/p><\/div><\/div><div class=\"info-media\"><div class=\"media-icon\"><img decoding=\"async\" src=\"https:\/\/libline.quimint.com\/wp-content\/uploads\/2024\/09\/Correo.png\" alt=\"Ha ocurrido un error.\"  \/><\/div><div class=\"media-body\"><h4 class=\"info-title\">Correo:<\/h4><p class=\"info-text\"><a href=\"mailto:libline.conviventia@gmail.com\">libline.conviventia@gmail.com<\/a> <\/div><\/div><\/div><!-----------------------End Contact Informations----------------------->\t\t<\/div>\n\t\t\t\t<\/div>\n\t\t\t\t<div class=\"elementor-element elementor-element-a8f9532 elementor-widget elementor-widget-google_maps\" data-id=\"a8f9532\" data-element_type=\"widget\" data-widget_type=\"google_maps.default\">\n\t\t\t\t<div class=\"elementor-widget-container\">\n\t\t\t\t\t<div class=\"elementor-custom-embed\">\n\t\t\t<iframe loading=\"lazy\"\n\t\t\t\t\tsrc=\"https:\/\/maps.google.com\/maps?q=Centro%20Educativo%20Dios%20es%20Amor%20sede%20Cazuca&#038;t=m&#038;z=9&#038;output=embed&#038;iwloc=near\"\n\t\t\t\t\ttitle=\"Centro Educativo Dios es Amor sede Cazuca\"\n\t\t\t\t\taria-label=\"Centro Educativo Dios es Amor sede Cazuca\"\n\t\t\t><\/iframe>\n\t\t<\/div>\n\t\t\t\t<\/div>\n\t\t\t\t<\/div>\n\t\t\t\t\t<\/div>\n\t\t<\/div>\n\t\t\t\t\t<\/div>\n\t\t<\/section>\n\t\t\t\t\t<\/div>\n\t\t<\/div>\n\t\t\t\t\t<\/div>\n\t\t<\/section>\n\t\t\t\t<\/div>\n\t\t","protected":false},"excerpt":{"rendered":"<p>Cont\u00e1ctanos y accede a todo lo que necesitas. Estamos aqu\u00ed para ayudarte, cont\u00e1ctanos y descubre todo lo que Lib-Line tiene para ofrecerte. Your Name* Your Email* Your Message*Send Now Nuestra&#8230;<\/p>\n","protected":false},"author":1,"featured_media":0,"parent":0,"menu_order":0,"comment_status":"closed","ping_status":"closed","template":"template-builder.php","meta":{"_monsterinsights_skip_tracking":false,"_monsterinsights_sitenote_active":false,"_monsterinsights_sitenote_note":"","_monsterinsights_sitenote_category":0,"_price":"","_stock":"","_tribe_ticket_header":"","_tribe_default_ticket_provider":"","_tribe_ticket_capacity":"0","_ticket_start_date":"","_ticket_end_date":"","_tribe_ticket_show_description":"","_tribe_ticket_show_not_going":false,"_tribe_ticket_use_global_stock":"","_tribe_ticket_global_stock_level":"","_global_stock_mode":"","_global_stock_cap":"","_tribe_rsvp_for_event":"","_tribe_ticket_going_count":"","_tribe_ticket_not_going_count":"","_tribe_tickets_list":"[]","_tribe_ticket_has_attendee_info_fields":false,"footnotes":""},"class_list":["post-1735","page","type-page","status-publish","hentry"],"aioseo_notices":[],"ticketed":false,"_links":{"self":[{"href":"https:\/\/libline.quimint.com\/index.php\/wp-json\/wp\/v2\/pages\/1735","targetHints":{"allow":["GET"]}}],"collection":[{"href":"https:\/\/libline.quimint.com\/index.php\/wp-json\/wp\/v2\/pages"}],"about":[{"href":"https:\/\/libline.quimint.com\/index.php\/wp-json\/wp\/v2\/types\/page"}],"author":[{"embeddable":true,"href":"https:\/\/libline.quimint.com\/index.php\/wp-json\/wp\/v2\/users\/1"}],"replies":[{"embeddable":true,"href":"https:\/\/libline.quimint.com\/index.php\/wp-json\/wp\/v2\/comments?post=1735"}],"version-history":[{"count":23,"href":"https:\/\/libline.quimint.com\/index.php\/wp-json\/wp\/v2\/pages\/1735\/revisions"}],"predecessor-version":[{"id":4793,"href":"https:\/\/libline.quimint.com\/index.php\/wp-json\/wp\/v2\/pages\/1735\/revisions\/4793"}],"wp:attachment":[{"href":"https:\/\/libline.quimint.com\/index.php\/wp-json\/wp\/v2\/media?parent=1735"}],"curies":[{"name":"wp","href":"https:\/\/api.w.org\/{rel}","templated":true}]}}