{"id":4618,"date":"2024-09-27T17:28:54","date_gmt":"2024-09-27T22:28:54","guid":{"rendered":"https:\/\/libline.quimint.com\/?page_id=4618"},"modified":"2024-11-02T15:10:46","modified_gmt":"2024-11-02T20:10:46","slug":"categoria-de-ciencias","status":"publish","type":"page","link":"https:\/\/libline.quimint.com\/index.php\/categoria-de-ciencias\/","title":{"rendered":"Categoria de Ciencias"},"content":{"rendered":"\t\t<div data-elementor-type=\"wp-page\" data-elementor-id=\"4618\" class=\"elementor elementor-4618\">\n\t\t\t\t\t\t<section class=\"elementor-section elementor-top-section elementor-element elementor-element-eabd647 elementor-section-full_width elementor-section-height-default elementor-section-height-default\" data-id=\"eabd647\" data-element_type=\"section\" data-settings=\"{&quot;background_background&quot;:&quot;classic&quot;}\">\n\t\t\t\t\t\t<div class=\"elementor-container elementor-column-gap-no\">\n\t\t\t\t\t<div class=\"elementor-column elementor-col-100 elementor-top-column elementor-element elementor-element-612b8d8\" data-id=\"612b8d8\" data-element_type=\"column\">\n\t\t\t<div class=\"elementor-widget-wrap elementor-element-populated\">\n\t\t\t\t\r\n<!--======== \/ Gallery Section ========-->\t\t<div class=\"elementor-element elementor-element-859f421 elementor-widget elementor-widget-kundaxclasseswidget\" data-id=\"859f421\" data-element_type=\"widget\" data-widget_type=\"kundaxclasseswidget.default\">\n\t\t\t\t<div class=\"elementor-widget-container\">\n\t\t\t<!-----------------------Start Class Area-----------------------><div class=\"classes-section space arrow-wrap\"><div class=\"container\"><div class=\"row vs-carousel\"><!-- Single Class --><div class=\"col-lg-4 col-md-6\" data-wow-delay=\"0.2s\"><div class=\"class-card\"><div class=\"class-img\"><a href=\"https:\/\/libline.quimint.com\/index.php\/event\/ciencias-9-naturaleza-y-salud\/\"><img decoding=\"async\" src=\"https:\/\/libline.quimint.com\/wp-content\/uploads\/2024\/09\/Ciencias-9-naturaleza-y-salud.png\" alt=\"Libline\"><\/a><span class=\"class-fee\">2<\/span><\/div><div class=\"class-content\"><h2 class=\"class-title h4\"><a href=\"https:\/\/libline.quimint.com\/index.php\/event\/ciencias-9-naturaleza-y-salud\/\">Ciencias 9: Naturaleza y Salud<\/a><\/h2><p class=\"class-text\">\u00a1Emb\u00e1rcate en un viaje fascinante hacia la naturaleza!<\/p><ul class=\"class-info\"><li><p>Time:<\/p><span>3 D\u00edas<\/span><\/li><li><p>Capacity:<\/p><span>1<\/span><\/li><\/ul><\/div><\/div><\/div><!-- Single Class --><!-- Single Class --><div class=\"col-lg-4 col-md-6\" data-wow-delay=\"0.4s\"><div class=\"class-card\"><div class=\"class-img\"><a href=\"https:\/\/libline.quimint.com\/index.php\/event\/ecologia-y-medio-ambiente\/\"><img decoding=\"async\" src=\"https:\/\/libline.quimint.com\/wp-content\/uploads\/2024\/09\/Ecologia-y-medio-ambiente.png\" alt=\"Libline\"><\/a><span class=\"class-fee\">4<\/span><\/div><div class=\"class-content\"><h2 class=\"class-title h4\"><a href=\"https:\/\/libline.quimint.com\/index.php\/event\/ecologia-y-medio-ambiente\/\">Ecolog\u00eda y Medio Ambiente<\/a><\/h2><p class=\"class-text\">\u00a1Descubre c\u00f3mo nuestras decisiones diarias pueden contribuir a un futuro m\u00e1s sostenible!<\/p><ul class=\"class-info\"><li><p>Time:<\/p><span>3 D\u00edas<\/span><\/li><li><p>Capacity:<\/p><span>2<\/span><\/li><\/ul><\/div><\/div><\/div><!-- Single Class --><!-- Single Class --><div class=\"col-lg-4 col-md-6\" data-wow-delay=\"0.6s\"><div class=\"class-card\"><div class=\"class-img\"><a href=\"https:\/\/libline.quimint.com\/index.php\/event\/el-cuerpo-humano\/\"><img decoding=\"async\" src=\"https:\/\/libline.quimint.com\/wp-content\/uploads\/2024\/09\/El-Cuerpo-Humano.png\" alt=\"Libline\"><\/a><span class=\"class-fee\">4<\/span><\/div><div class=\"class-content\"><h2 class=\"class-title h4\"><a href=\"https:\/\/libline.quimint.com\/index.php\/event\/el-cuerpo-humano\/\">El Cuerpo Humano<\/a><\/h2><p class=\"class-text\">\u00a1Descubre c\u00f3mo funciona tu cuerpo y aprende a mantenerte saludable!<\/p><ul class=\"class-info\"><li><p>Time:<\/p><span>3 D\u00edas<\/span><\/li><li><p>Capacity:<\/p><span>1<\/span><\/li><\/ul><\/div><\/div><\/div><!-- Single Class --><\/div><\/div><div class=\"shape-mockup shapePulse d-none d-xl-block\" data-top=\"15%\" data-left=\"7%\"><img decoding=\"async\" src=\"https:\/\/wordpress.vecurosoft.com\/knirpse\/wp-content\/uploads\/2022\/01\/dog.png\" alt=\"Libline\"><\/div><div class=\"shape-mockup rotate d-none d-hd-block\" data-bottom=\"17%\" data-left=\"7%\"><img decoding=\"async\" src=\"https:\/\/wordpress.vecurosoft.com\/knirpse\/wp-content\/uploads\/2022\/01\/curve-line.png\" alt=\"Libline\"><\/div><div class=\"shape-mockup rotate z-index-negative\" data-top=\"32%\" data-right=\"9%\"><img decoding=\"async\" src=\"https:\/\/wordpress.vecurosoft.com\/knirpse\/wp-content\/uploads\/2022\/01\/star-3.png\" alt=\"Libline\"><\/div><div class=\"shape-mockup shapePulse d-none d-hd-block\" data-bottom=\"16%\" data-right=\"9%\"><img decoding=\"async\" src=\"https:\/\/wordpress.vecurosoft.com\/knirpse\/wp-content\/uploads\/2022\/01\/triangle.png\" alt=\"Libline\"><\/div><\/div><!-----------------------End Class Area----------------------->\t\t<\/div>\n\t\t\t\t<\/div>\n\t\t\t\t\t<\/div>\n\t\t<\/div>\n\t\t\t\t\t<\/div>\n\t\t<\/section>\n\t\t\t\t<section class=\"elementor-section elementor-top-section elementor-element elementor-element-3fdd1af elementor-section-full_width elementor-section-height-default elementor-section-height-default\" data-id=\"3fdd1af\" data-element_type=\"section\" data-settings=\"{&quot;background_background&quot;:&quot;classic&quot;}\">\n\t\t\t\t\t\t<div class=\"elementor-container elementor-column-gap-no\">\n\t\t\t\t\t<div class=\"elementor-column elementor-col-100 elementor-top-column elementor-element elementor-element-c6e59cf\" data-id=\"c6e59cf\" data-element_type=\"column\">\n\t\t\t<div class=\"elementor-widget-wrap\">\n\t\t\t\t\t\t\t<\/div>\n\t\t<\/div>\n\t\t\t\t\t<\/div>\n\t\t<\/section>\n\t\t\t\t<section class=\"elementor-section elementor-top-section elementor-element elementor-element-4b882cf elementor-section-full_width elementor-section-height-default elementor-section-height-default\" data-id=\"4b882cf\" data-element_type=\"section\" data-settings=\"{&quot;background_background&quot;:&quot;classic&quot;}\">\n\t\t\t\t\t\t<div class=\"elementor-container elementor-column-gap-no\">\n\t\t\t\t\t<div class=\"elementor-column elementor-col-100 elementor-top-column elementor-element elementor-element-4329645\" data-id=\"4329645\" data-element_type=\"column\">\n\t\t\t<div class=\"elementor-widget-wrap elementor-element-populated\">\n\t\t\t\t\t\t<div class=\"elementor-element elementor-element-0afffe0 elementor-widget elementor-widget-kundaxclasseswidget\" data-id=\"0afffe0\" data-element_type=\"widget\" data-widget_type=\"kundaxclasseswidget.default\">\n\t\t\t\t<div class=\"elementor-widget-container\">\n\t\t\t<!-----------------------Start Class Area-----------------------><div class=\"classes-section space arrow-wrap\"><div class=\"container\"><div class=\"row vs-carousel\"><!-- Single Class --><div class=\"col-lg-4 col-md-6\" data-wow-delay=\"0.2s\"><div class=\"class-card\"><div class=\"class-img\"><a href=\"https:\/\/libline.quimint.com\/index.php\/event\/quimica-10-libro-guia-para-docentes\/\"><img decoding=\"async\" src=\"https:\/\/libline.quimint.com\/wp-content\/uploads\/2024\/09\/Quimica-10.png\" alt=\"Libline\"><\/a><span class=\"class-fee\">2<\/span><\/div><div class=\"class-content\"><h2 class=\"class-title h4\"><a href=\"https:\/\/libline.quimint.com\/index.php\/event\/quimica-10-libro-guia-para-docentes\/\">Qu\u00edmica 10: Libro Gu\u00eda para Docentes<\/a><\/h2><p class=\"class-text\">\u00a1Transforma tus clases de qu\u00edmica y inspira a tus estudiantes a aprender m\u00e1s!<\/p><ul class=\"class-info\"><li><p>Time:<\/p><span>3 D\u00edas<\/span><\/li><li><p>Capacity:<\/p><span>2<\/span><\/li><\/ul><\/div><\/div><\/div><!-- Single Class --><!-- Single Class --><div class=\"col-lg-4 col-md-6\" data-wow-delay=\"0.4s\"><div class=\"class-card\"><div class=\"class-img\"><a href=\"https:\/\/libline.quimint.com\/index.php\/event\/quimica-y-ambiente-2\/\"><img decoding=\"async\" src=\"https:\/\/libline.quimint.com\/wp-content\/uploads\/2024\/09\/Quimica-y-ambiente-2.png\" alt=\"Libline\"><\/a><span class=\"class-fee\">2<\/span><\/div><div class=\"class-content\"><h2 class=\"class-title h4\"><a href=\"https:\/\/libline.quimint.com\/index.php\/event\/quimica-y-ambiente-2\/\"> Qu\u00edmica y Ambiente 2<\/a><\/h2><p class=\"class-text\">\u00a1Descubre c\u00f3mo la qu\u00edmica impacta nuestro mundo y c\u00f3mo podemos cuidarlo!<\/p><ul class=\"class-info\"><li><p>Time:<\/p><span>3 D\u00edas<\/span><\/li><li><p>Capacity:<\/p><span>3<\/span><\/li><\/ul><\/div><\/div><\/div><!-- Single Class --><!-- Single Class --><div class=\"col-lg-4 col-md-6\" data-wow-delay=\"0.6s\"><div class=\"class-card\"><div class=\"class-img\"><a href=\"https:\/\/libline.quimint.com\/index.php\/event\/spin-quimica-11\/\"><img decoding=\"async\" src=\"https:\/\/libline.quimint.com\/wp-content\/uploads\/2024\/09\/Spin-quimica-11.png\" alt=\"Libline\"><\/a><span class=\"class-fee\">2<\/span><\/div><div class=\"class-content\"><h2 class=\"class-title h4\"><a href=\"https:\/\/libline.quimint.com\/index.php\/event\/spin-quimica-11\/\">Spin Qu\u00edmica 11<\/a><\/h2><p class=\"class-text\">\u00a1Explora la qu\u00edmica de manera emocionante y prepara tu futuro cient\u00edfico!<\/p><ul class=\"class-info\"><li><p>Time:<\/p><span>3 D\u00edas<\/span><\/li><li><p>Capacity:<\/p><span>1<\/span><\/li><\/ul><\/div><\/div><\/div><!-- Single Class --><\/div><\/div><div class=\"shape-mockup shapePulse d-none d-xl-block\" data-top=\"15%\" data-left=\"7%\"><img decoding=\"async\" src=\"https:\/\/wordpress.vecurosoft.com\/knirpse\/wp-content\/uploads\/2022\/01\/dog.png\" alt=\"Libline\"><\/div><div class=\"shape-mockup rotate d-none d-hd-block\" data-bottom=\"17%\" data-left=\"7%\"><img decoding=\"async\" src=\"https:\/\/wordpress.vecurosoft.com\/knirpse\/wp-content\/uploads\/2022\/01\/curve-line.png\" alt=\"Libline\"><\/div><div class=\"shape-mockup rotate z-index-negative\" data-top=\"32%\" data-right=\"9%\"><img decoding=\"async\" src=\"https:\/\/wordpress.vecurosoft.com\/knirpse\/wp-content\/uploads\/2022\/01\/star-3.png\" alt=\"Libline\"><\/div><div class=\"shape-mockup shapePulse d-none d-hd-block\" data-bottom=\"16%\" data-right=\"9%\"><img decoding=\"async\" src=\"https:\/\/wordpress.vecurosoft.com\/knirpse\/wp-content\/uploads\/2022\/01\/triangle.png\" alt=\"Libline\"><\/div><\/div><!-----------------------End Class Area----------------------->\t\t<\/div>\n\t\t\t\t<\/div>\n\t\t\t\t<div class=\"elementor-element elementor-element-799b630 elementor-widget elementor-widget-kundaxclasseswidget\" data-id=\"799b630\" data-element_type=\"widget\" data-widget_type=\"kundaxclasseswidget.default\">\n\t\t\t\t<div class=\"elementor-widget-container\">\n\t\t\t<!-----------------------Start Class Area-----------------------><div class=\"classes-section space arrow-wrap\"><div class=\"container\"><div class=\"row vs-carousel\"><!-- Single Class --><div class=\"col-lg-4 col-md-6\" data-wow-delay=\"0.2s\"><div class=\"class-card\"><div class=\"class-img\"><a href=\"https:\/\/libline.quimint.com\/index.php\/event\/enciclopedia-del-estudiante\/\"><img decoding=\"async\" src=\"https:\/\/libline.quimint.com\/wp-content\/uploads\/2024\/09\/Enciclopedia-del-Estudiante.png\" alt=\"Libline\"><\/a><span class=\"class-fee\">3<\/span><\/div><div class=\"class-content\"><h2 class=\"class-title h4\"><a href=\"https:\/\/libline.quimint.com\/index.php\/event\/enciclopedia-del-estudiante\/\">Enciclopedia del Estudiante<\/a><\/h2><p class=\"class-text\">\u00a1Descubre un mundo de conocimiento al alcance de tu mano!<\/p><ul class=\"class-info\"><li><p>Time:<\/p><span>3 D\u00edas<\/span><\/li><li><p>Capacity:<\/p><span>1<\/span><\/li><\/ul><\/div><\/div><\/div><!-- Single Class --><!-- Single Class --><div class=\"col-lg-4 col-md-6\" data-wow-delay=\"0.4s\"><div class=\"class-card\"><div class=\"class-img\"><a href=\"https:\/\/libline.quimint.com\/index.php\/event\/entorno-7-ciencias-y-educacion-ambiental\/\"><img decoding=\"async\" src=\"https:\/\/libline.quimint.com\/wp-content\/uploads\/2024\/09\/Entorno-7.png\" alt=\"Libline\"><\/a><span class=\"class-fee\">3<\/span><\/div><div class=\"class-content\"><h2 class=\"class-title h4\"><a href=\"https:\/\/libline.quimint.com\/index.php\/event\/entorno-7-ciencias-y-educacion-ambiental\/\">Entorno 7: Ciencias y Educaci\u00f3n Ambiental<\/a><\/h2><p class=\"class-text\">\u00a1Conoce m\u00e1s sobre c\u00f3mo cuidar el planeta y contribuye a un futuro mejor!<\/p><ul class=\"class-info\"><li><p>Time:<\/p><span>3 D\u00edas<\/span><\/li><li><p>Capacity:<\/p><span>4<\/span><\/li><\/ul><\/div><\/div><\/div><!-- Single Class --><!-- Single Class --><div class=\"col-lg-4 col-md-6\" data-wow-delay=\"0.6s\"><div class=\"class-card\"><div class=\"class-img\"><a href=\"https:\/\/libline.quimint.com\/index.php\/event\/experiencias-en-biologia\/\"><img decoding=\"async\" src=\"https:\/\/libline.quimint.com\/wp-content\/uploads\/2024\/09\/Experiencias-en-bbiologia.png\" alt=\"Libline\"><\/a><span class=\"class-fee\">3<\/span><\/div><div class=\"class-content\"><h2 class=\"class-title h4\"><a href=\"https:\/\/libline.quimint.com\/index.php\/event\/experiencias-en-biologia\/\">Experiencias en Biolog\u00eda<\/a><\/h2><p class=\"class-text\">\u00a1Descubre el fascinante mundo de la biolog\u00eda a trav\u00e9s de experiencias pr\u00e1cticas!<\/p><ul class=\"class-info\"><li><p>Time:<\/p><span>3 D\u00edas<\/span><\/li><li><p>Capacity:<\/p><span>1<\/span><\/li><\/ul><\/div><\/div><\/div><!-- Single Class --><\/div><\/div><div class=\"shape-mockup shapePulse d-none d-xl-block\" data-top=\"15%\" data-left=\"7%\"><img decoding=\"async\" src=\"https:\/\/wordpress.vecurosoft.com\/knirpse\/wp-content\/uploads\/2022\/01\/dog.png\" alt=\"Libline\"><\/div><div class=\"shape-mockup rotate d-none d-hd-block\" data-bottom=\"17%\" data-left=\"7%\"><img decoding=\"async\" src=\"https:\/\/wordpress.vecurosoft.com\/knirpse\/wp-content\/uploads\/2022\/01\/curve-line.png\" alt=\"Libline\"><\/div><div class=\"shape-mockup rotate z-index-negative\" data-top=\"32%\" data-right=\"9%\"><img decoding=\"async\" src=\"https:\/\/wordpress.vecurosoft.com\/knirpse\/wp-content\/uploads\/2022\/01\/star-3.png\" alt=\"Libline\"><\/div><div class=\"shape-mockup shapePulse d-none d-hd-block\" data-bottom=\"16%\" data-right=\"9%\"><img decoding=\"async\" src=\"https:\/\/wordpress.vecurosoft.com\/knirpse\/wp-content\/uploads\/2022\/01\/triangle.png\" alt=\"Libline\"><\/div><\/div><!-----------------------End Class Area----------------------->\t\t<\/div>\n\t\t\t\t<\/div>\n\t\t\t\t<div class=\"elementor-element elementor-element-59ceea1 elementor-widget elementor-widget-kundaxclasseswidget\" data-id=\"59ceea1\" data-element_type=\"widget\" data-widget_type=\"kundaxclasseswidget.default\">\n\t\t\t\t<div class=\"elementor-widget-container\">\n\t\t\t<!-----------------------Start Class Area-----------------------><div class=\"classes-section space arrow-wrap\"><div class=\"container\"><div class=\"row vs-carousel\"><!-- Single Class --><div class=\"col-lg-4 col-md-6\" data-wow-delay=\"0.2s\"><div class=\"class-card\"><div class=\"class-img\"><a href=\"https:\/\/libline.quimint.com\/index.php\/event\/erase-una-vez-el-cuerpo-humano\/\"><img decoding=\"async\" src=\"https:\/\/libline.quimint.com\/wp-content\/uploads\/2024\/10\/Erase-una-vez-El-Cuerpo-Humano-la-respiracion.png\" alt=\"Libline\"><\/a><span class=\"class-fee\">1<\/span><\/div><div class=\"class-content\"><h2 class=\"class-title h4\"><a href=\"https:\/\/libline.quimint.com\/index.php\/event\/erase-una-vez-el-cuerpo-humano\/\">\u00c9rase una Vez el Cuerpo Humano<\/a><\/h2><p class=\"class-text\">\u00a1Explora el sorprendente viaje del aire en tu cuerpo y descubre c\u00f3mo respiramos!<\/p><ul class=\"class-info\"><li><p>Time:<\/p><span>3 D\u00edas<\/span><\/li><li><p>Capacity:<\/p><span>1<\/span><\/li><\/ul><\/div><\/div><\/div><!-- Single Class --><!-- Single Class --><div class=\"col-lg-4 col-md-6\" data-wow-delay=\"0.4s\"><div class=\"class-card\"><div class=\"class-img\"><a href=\"https:\/\/libline.quimint.com\/index.php\/event\/desarrollando-competencias\/\"><img decoding=\"async\" src=\"https:\/\/libline.quimint.com\/wp-content\/uploads\/2024\/10\/Desarrollando-compentencias-Quimica.png\" alt=\"Libline\"><\/a><span class=\"class-fee\">1<\/span><\/div><div class=\"class-content\"><h2 class=\"class-title h4\"><a href=\"https:\/\/libline.quimint.com\/index.php\/event\/desarrollando-competencias\/\">Desarrollando Competencias<\/a><\/h2><p class=\"class-text\">\u00a1Potencia tus habilidades qu\u00edmicas y descubre el mundo fascinante de la materia!<\/p><ul class=\"class-info\"><li><p>Time:<\/p><span>3 D\u00edas<\/span><\/li><li><p>Capacity:<\/p><span>1<\/span><\/li><\/ul><\/div><\/div><\/div><!-- Single Class --><!-- Single Class --><div class=\"col-lg-4 col-md-6\" data-wow-delay=\"0.6s\"><div class=\"class-card\"><div class=\"class-img\"><a href=\"https:\/\/libline.quimint.com\/index.php\/event\/descubrir-8\/\"><img decoding=\"async\" src=\"https:\/\/libline.quimint.com\/wp-content\/uploads\/2024\/10\/Descubrir-8-Ciencias-Naturales.png\" alt=\"Libline\"><\/a><span class=\"class-fee\">1<\/span><\/div><div class=\"class-content\"><h2 class=\"class-title h4\"><a href=\"https:\/\/libline.quimint.com\/index.php\/event\/descubrir-8\/\">Descubrir 8<\/a><\/h2><p class=\"class-text\">\u00a1Explora, aprende y marav\u00edllate con los secretos de la naturaleza!<\/p><ul class=\"class-info\"><li><p>Time:<\/p><span>3 D\u00edas<\/span><\/li><li><p>Capacity:<\/p><span>2<\/span><\/li><\/ul><\/div><\/div><\/div><!-- Single Class --><\/div><\/div><div class=\"shape-mockup shapePulse d-none d-xl-block\" data-top=\"15%\" data-left=\"7%\"><img decoding=\"async\" src=\"https:\/\/wordpress.vecurosoft.com\/knirpse\/wp-content\/uploads\/2022\/01\/dog.png\" alt=\"Libline\"><\/div><div class=\"shape-mockup rotate d-none d-hd-block\" data-bottom=\"17%\" data-left=\"7%\"><img decoding=\"async\" src=\"https:\/\/wordpress.vecurosoft.com\/knirpse\/wp-content\/uploads\/2022\/01\/curve-line.png\" alt=\"Libline\"><\/div><div class=\"shape-mockup rotate z-index-negative\" data-top=\"32%\" data-right=\"9%\"><img decoding=\"async\" src=\"https:\/\/wordpress.vecurosoft.com\/knirpse\/wp-content\/uploads\/2022\/01\/star-3.png\" alt=\"Libline\"><\/div><div class=\"shape-mockup shapePulse d-none d-hd-block\" data-bottom=\"16%\" data-right=\"9%\"><img decoding=\"async\" src=\"https:\/\/wordpress.vecurosoft.com\/knirpse\/wp-content\/uploads\/2022\/01\/triangle.png\" alt=\"Libline\"><\/div><\/div><!-----------------------End Class Area----------------------->\t\t<\/div>\n\t\t\t\t<\/div>\n\t\t\t\t\t<\/div>\n\t\t<\/div>\n\t\t\t\t\t<\/div>\n\t\t<\/section>\n\t\t\t\t<\/div>\n\t\t","protected":false},"excerpt":{"rendered":"<p>2 Ciencias 9: Naturaleza y Salud \u00a1Emb\u00e1rcate en un viaje fascinante hacia la naturaleza! Time: 3 D\u00edas Capacity: 1 4 Ecolog\u00eda y Medio Ambiente \u00a1Descubre c\u00f3mo nuestras decisiones diarias pueden&#8230;<\/p>\n","protected":false},"author":1,"featured_media":4373,"parent":0,"menu_order":0,"comment_status":"closed","ping_status":"closed","template":"","meta":{"_monsterinsights_skip_tracking":false,"_monsterinsights_sitenote_active":false,"_monsterinsights_sitenote_note":"","_monsterinsights_sitenote_category":0,"_price":"","_stock":"","_tribe_ticket_header":"","_tribe_default_ticket_provider":"","_tribe_ticket_capacity":"0","_ticket_start_date":"","_ticket_end_date":"","_tribe_ticket_show_description":"","_tribe_ticket_show_not_going":false,"_tribe_ticket_use_global_stock":"","_tribe_ticket_global_stock_level":"","_global_stock_mode":"","_global_stock_cap":"","_tribe_rsvp_for_event":"","_tribe_ticket_going_count":"","_tribe_ticket_not_going_count":"","_tribe_tickets_list":"[]","_tribe_ticket_has_attendee_info_fields":false,"footnotes":""},"class_list":["post-4618","page","type-page","status-publish","has-post-thumbnail","hentry"],"aioseo_notices":[],"ticketed":false,"_links":{"self":[{"href":"https:\/\/libline.quimint.com\/index.php\/wp-json\/wp\/v2\/pages\/4618","targetHints":{"allow":["GET"]}}],"collection":[{"href":"https:\/\/libline.quimint.com\/index.php\/wp-json\/wp\/v2\/pages"}],"about":[{"href":"https:\/\/libline.quimint.com\/index.php\/wp-json\/wp\/v2\/types\/page"}],"author":[{"embeddable":true,"href":"https:\/\/libline.quimint.com\/index.php\/wp-json\/wp\/v2\/users\/1"}],"replies":[{"embeddable":true,"href":"https:\/\/libline.quimint.com\/index.php\/wp-json\/wp\/v2\/comments?post=4618"}],"version-history":[{"count":20,"href":"https:\/\/libline.quimint.com\/index.php\/wp-json\/wp\/v2\/pages\/4618\/revisions"}],"predecessor-version":[{"id":5566,"href":"https:\/\/libline.quimint.com\/index.php\/wp-json\/wp\/v2\/pages\/4618\/revisions\/5566"}],"wp:featuredmedia":[{"embeddable":true,"href":"https:\/\/libline.quimint.com\/index.php\/wp-json\/wp\/v2\/media\/4373"}],"wp:attachment":[{"href":"https:\/\/libline.quimint.com\/index.php\/wp-json\/wp\/v2\/media?parent=4618"}],"curies":[{"name":"wp","href":"https:\/\/api.w.org\/{rel}","templated":true}]}}