{"id":4727,"date":"2024-09-27T20:32:51","date_gmt":"2024-09-28T01:32:51","guid":{"rendered":"https:\/\/libline.quimint.com\/?page_id=4727"},"modified":"2024-11-03T16:41:46","modified_gmt":"2024-11-03T21:41:46","slug":"categoria-matematicas","status":"publish","type":"page","link":"https:\/\/libline.quimint.com\/index.php\/categoria-matematicas\/","title":{"rendered":"Categor\u00eda Matematicas"},"content":{"rendered":"\t\t<div data-elementor-type=\"wp-page\" data-elementor-id=\"4727\" class=\"elementor elementor-4727\">\n\t\t\t\t\t\t<section class=\"elementor-section elementor-top-section elementor-element elementor-element-eabd647 elementor-section-full_width elementor-section-height-default elementor-section-height-default\" data-id=\"eabd647\" data-element_type=\"section\" data-settings=\"{&quot;background_background&quot;:&quot;classic&quot;}\">\n\t\t\t\t\t\t<div class=\"elementor-container elementor-column-gap-no\">\n\t\t\t\t\t<div class=\"elementor-column elementor-col-100 elementor-top-column elementor-element elementor-element-612b8d8\" data-id=\"612b8d8\" data-element_type=\"column\">\n\t\t\t<div class=\"elementor-widget-wrap elementor-element-populated\">\n\t\t\t\t\r\n<!--======== \/ Gallery Section ========-->\t\t<div class=\"elementor-element elementor-element-859f421 elementor-widget elementor-widget-kundaxclasseswidget\" data-id=\"859f421\" data-element_type=\"widget\" data-widget_type=\"kundaxclasseswidget.default\">\n\t\t\t\t<div class=\"elementor-widget-container\">\n\t\t\t<!-----------------------Start Class Area-----------------------><div class=\"classes-section space arrow-wrap\"><div class=\"container\"><div class=\"row vs-carousel\"><!-- Single Class --><div class=\"col-lg-4 col-md-6\" data-wow-delay=\"0.2s\"><div class=\"class-card\"><div class=\"class-img\"><a href=\"https:\/\/libline.quimint.com\/index.php\/event\/cuaderno-de-trabajo-2-matematicas\/\"><img decoding=\"async\" src=\"https:\/\/libline.quimint.com\/wp-content\/uploads\/2024\/09\/Cuaderni-de-trabajo-2-Matematicas.png\" alt=\"Libline\"><\/a><span class=\"class-fee\">1<\/span><\/div><div class=\"class-content\"><h2 class=\"class-title h4\"><a href=\"https:\/\/libline.quimint.com\/index.php\/event\/cuaderno-de-trabajo-2-matematicas\/\">Cuaderno de Trabajo 2: Matem\u00e1ticas<\/a><\/h2><p class=\"class-text\">Descubre este libro y desentra\u00f1a los secretos de los n\u00fameros.<\/p><ul class=\"class-info\"><li><p>Time:<\/p><span>3 D\u00edas<\/span><\/li><li><p>Capacity:<\/p><span>1<\/span><\/li><\/ul><\/div><\/div><\/div><!-- Single Class --><!-- Single Class --><div class=\"col-lg-4 col-md-6\" data-wow-delay=\"0.4s\"><div class=\"class-card\"><div class=\"class-img\"><a href=\"https:\/\/libline.quimint.com\/index.php\/event\/educacion-basica-primaria-matematicas\/\"><img decoding=\"async\" src=\"https:\/\/libline.quimint.com\/wp-content\/uploads\/2024\/09\/Educacion-basica-primaria-matematicas.png\" alt=\"Libline\"><\/a><span class=\"class-fee\">1<\/span><\/div><div class=\"class-content\"><h2 class=\"class-title h4\"><a href=\"https:\/\/libline.quimint.com\/index.php\/event\/educacion-basica-primaria-matematicas\/\">Educaci\u00f3n B\u00e1sica Primaria: Matem\u00e1ticas<\/a><\/h2><p class=\"class-text\">Abre este libro y domina los fundamentos de las matem\u00e1ticas.<\/p><ul class=\"class-info\"><li><p>Time:<\/p><span>3 D\u00edas<\/span><\/li><li><p>Capacity:<\/p><span>1<\/span><\/li><\/ul><\/div><\/div><\/div><!-- Single Class --><!-- Single Class --><div class=\"col-lg-4 col-md-6\" data-wow-delay=\"0.6s\"><div class=\"class-card\"><div class=\"class-img\"><a href=\"https:\/\/libline.quimint.com\/index.php\/event\/glifos-6-matematicos\/\"><img decoding=\"async\" src=\"https:\/\/libline.quimint.com\/wp-content\/uploads\/2024\/09\/Gifos-6-matematicos.png\" alt=\"Libline\"><\/a><span class=\"class-fee\">1<\/span><\/div><div class=\"class-content\"><h2 class=\"class-title h4\"><a href=\"https:\/\/libline.quimint.com\/index.php\/event\/glifos-6-matematicos\/\">Glifos 6 Matem\u00e1ticos<\/a><\/h2><p class=\"class-text\">Conoce este libro y resuelve problemas que te desafiar\u00e1n a pensar.<\/p><ul class=\"class-info\"><li><p>Time:<\/p><span>3 D\u00edas<\/span><\/li><li><p>Capacity:<\/p><span>1<\/span><\/li><\/ul><\/div><\/div><\/div><!-- Single Class --><\/div><\/div><div class=\"shape-mockup shapePulse d-none d-xl-block\" data-top=\"15%\" data-left=\"7%\"><img decoding=\"async\" src=\"https:\/\/wordpress.vecurosoft.com\/knirpse\/wp-content\/uploads\/2022\/01\/dog.png\" alt=\"Libline\"><\/div><div class=\"shape-mockup rotate d-none d-hd-block\" data-bottom=\"17%\" data-left=\"7%\"><img decoding=\"async\" src=\"https:\/\/wordpress.vecurosoft.com\/knirpse\/wp-content\/uploads\/2022\/01\/curve-line.png\" alt=\"Libline\"><\/div><div class=\"shape-mockup rotate z-index-negative\" data-top=\"32%\" data-right=\"9%\"><img decoding=\"async\" src=\"https:\/\/wordpress.vecurosoft.com\/knirpse\/wp-content\/uploads\/2022\/01\/star-3.png\" alt=\"Libline\"><\/div><div class=\"shape-mockup shapePulse d-none d-hd-block\" data-bottom=\"16%\" data-right=\"9%\"><img decoding=\"async\" src=\"https:\/\/wordpress.vecurosoft.com\/knirpse\/wp-content\/uploads\/2022\/01\/triangle.png\" alt=\"Libline\"><\/div><\/div><!-----------------------End Class Area----------------------->\t\t<\/div>\n\t\t\t\t<\/div>\n\t\t\t\t\t<\/div>\n\t\t<\/div>\n\t\t\t\t\t<\/div>\n\t\t<\/section>\n\t\t\t\t<section class=\"elementor-section elementor-top-section elementor-element elementor-element-3fdd1af elementor-section-full_width elementor-section-height-default elementor-section-height-default\" data-id=\"3fdd1af\" data-element_type=\"section\" data-settings=\"{&quot;background_background&quot;:&quot;classic&quot;}\">\n\t\t\t\t\t\t<div class=\"elementor-container elementor-column-gap-no\">\n\t\t\t\t\t<div class=\"elementor-column elementor-col-100 elementor-top-column elementor-element elementor-element-c6e59cf\" data-id=\"c6e59cf\" data-element_type=\"column\">\n\t\t\t<div class=\"elementor-widget-wrap\">\n\t\t\t\t\t\t\t<\/div>\n\t\t<\/div>\n\t\t\t\t\t<\/div>\n\t\t<\/section>\n\t\t\t\t<section class=\"elementor-section elementor-top-section elementor-element elementor-element-4b882cf elementor-section-full_width elementor-section-height-default elementor-section-height-default\" data-id=\"4b882cf\" data-element_type=\"section\" data-settings=\"{&quot;background_background&quot;:&quot;classic&quot;}\">\n\t\t\t\t\t\t<div class=\"elementor-container elementor-column-gap-no\">\n\t\t\t\t\t<div class=\"elementor-column elementor-col-100 elementor-top-column elementor-element elementor-element-4329645\" data-id=\"4329645\" data-element_type=\"column\">\n\t\t\t<div class=\"elementor-widget-wrap elementor-element-populated\">\n\t\t\t\t\t\t<div class=\"elementor-element elementor-element-0afffe0 elementor-widget elementor-widget-kundaxclasseswidget\" data-id=\"0afffe0\" data-element_type=\"widget\" data-widget_type=\"kundaxclasseswidget.default\">\n\t\t\t\t<div class=\"elementor-widget-container\">\n\t\t\t<!-----------------------Start Class Area-----------------------><div class=\"classes-section space arrow-wrap\"><div class=\"container\"><div class=\"row vs-carousel\"><!-- Single Class --><div class=\"col-lg-4 col-md-6\" data-wow-delay=\"0.2s\"><div class=\"class-card\"><div class=\"class-img\"><a href=\"https:\/\/libline.quimint.com\/index.php\/event\/ingenio-matematico-5\/\"><img decoding=\"async\" src=\"https:\/\/libline.quimint.com\/wp-content\/uploads\/2024\/09\/Ingenio-matematico-5.png\" alt=\"Libline\"><\/a><span class=\"class-fee\">1<\/span><\/div><div class=\"class-content\"><h2 class=\"class-title h4\"><a href=\"https:\/\/libline.quimint.com\/index.php\/event\/ingenio-matematico-5\/\">Habilidades 5<\/a><\/h2><p class=\"class-text\">Explora este libro y aprende c\u00f3mo las matem\u00e1ticas explican el mundo.<\/p><ul class=\"class-info\"><li><p>Time:<\/p><span>3 D\u00edas<\/span><\/li><li><p>Capacity:<\/p><span>1<\/span><\/li><\/ul><\/div><\/div><\/div><!-- Single Class --><!-- Single Class --><div class=\"col-lg-4 col-md-6\" data-wow-delay=\"0.4s\"><div class=\"class-card\"><div class=\"class-img\"><a href=\"https:\/\/libline.quimint.com\/index.php\/event\/juguemos-con-las-matematicas-4\/\"><img decoding=\"async\" src=\"https:\/\/libline.quimint.com\/wp-content\/uploads\/2024\/09\/Juguemos-con-las-matematicas-4.png\" alt=\"Libline\"><\/a><span class=\"class-fee\">1<\/span><\/div><div class=\"class-content\"><h2 class=\"class-title h4\"><a href=\"https:\/\/libline.quimint.com\/index.php\/event\/juguemos-con-las-matematicas-4\/\">Juguemos con las matematicas4<\/a><\/h2><p class=\"class-text\">Lee este libro y encuentra la belleza detr\u00e1s de las f\u00f3rmulas y ecuaciones.<\/p><ul class=\"class-info\"><li><p>Time:<\/p><span>3 D\u00edas<\/span><\/li><li><p>Capacity:<\/p><span>1<\/span><\/li><\/ul><\/div><\/div><\/div><!-- Single Class --><!-- Single Class --><div class=\"col-lg-4 col-md-6\" data-wow-delay=\"0.6s\"><div class=\"class-card\"><div class=\"class-img\"><a href=\"https:\/\/libline.quimint.com\/index.php\/event\/cuaderno-de-trabajo-matematicas-3\/\"><img decoding=\"async\" src=\"https:\/\/libline.quimint.com\/wp-content\/uploads\/2024\/09\/Matematicas-3.png\" alt=\"Libline\"><\/a><span class=\"class-fee\">2<\/span><\/div><div class=\"class-content\"><h2 class=\"class-title h4\"><a href=\"https:\/\/libline.quimint.com\/index.php\/event\/cuaderno-de-trabajo-matematicas-3\/\">Cuaderno de Trabajo Matem\u00e1ticas 3<\/a><\/h2><p class=\"class-text\">Encuentra este libro y fortalece tus habilidades matem\u00e1ticas.<\/p><ul class=\"class-info\"><li><p>Time:<\/p><span>3 D\u00edas<\/span><\/li><li><p>Capacity:<\/p><span>1<\/span><\/li><\/ul><\/div><\/div><\/div><!-- Single Class --><\/div><\/div><div class=\"shape-mockup shapePulse d-none d-xl-block\" data-top=\"15%\" data-left=\"7%\"><img decoding=\"async\" src=\"https:\/\/wordpress.vecurosoft.com\/knirpse\/wp-content\/uploads\/2022\/01\/dog.png\" alt=\"Libline\"><\/div><div class=\"shape-mockup rotate d-none d-hd-block\" data-bottom=\"17%\" data-left=\"7%\"><img decoding=\"async\" src=\"https:\/\/wordpress.vecurosoft.com\/knirpse\/wp-content\/uploads\/2022\/01\/curve-line.png\" alt=\"Libline\"><\/div><div class=\"shape-mockup rotate z-index-negative\" data-top=\"32%\" data-right=\"9%\"><img decoding=\"async\" src=\"https:\/\/wordpress.vecurosoft.com\/knirpse\/wp-content\/uploads\/2022\/01\/star-3.png\" alt=\"Libline\"><\/div><div class=\"shape-mockup shapePulse d-none d-hd-block\" data-bottom=\"16%\" data-right=\"9%\"><img decoding=\"async\" src=\"https:\/\/wordpress.vecurosoft.com\/knirpse\/wp-content\/uploads\/2022\/01\/triangle.png\" alt=\"Libline\"><\/div><\/div><!-----------------------End Class Area----------------------->\t\t<\/div>\n\t\t\t\t<\/div>\n\t\t\t\t<div class=\"elementor-element elementor-element-799b630 elementor-widget elementor-widget-kundaxclasseswidget\" data-id=\"799b630\" data-element_type=\"widget\" data-widget_type=\"kundaxclasseswidget.default\">\n\t\t\t\t<div class=\"elementor-widget-container\">\n\t\t\t<!-----------------------Start Class Area-----------------------><div class=\"classes-section space arrow-wrap\"><div class=\"container\"><div class=\"row vs-carousel\"><!-- Single Class --><div class=\"col-lg-4 col-md-6\" data-wow-delay=\"0.2s\"><div class=\"class-card\"><div class=\"class-img\"><a href=\"https:\/\/libline.quimint.com\/index.php\/event\/matematicas-con-tecnologia-aplicada-11\/\"><img decoding=\"async\" src=\"https:\/\/libline.quimint.com\/wp-content\/uploads\/2024\/09\/Matematicas-11.png\" alt=\"Libline\"><\/a><span class=\"class-fee\">2<\/span><\/div><div class=\"class-content\"><h2 class=\"class-title h4\"><a href=\"https:\/\/libline.quimint.com\/index.php\/event\/matematicas-con-tecnologia-aplicada-11\/\">Matematicas 11<\/a><\/h2><p class=\"class-text\">Sum\u00e9rgete en este libro y transforma tu manera de ver los n\u00fameros.<\/p><ul class=\"class-info\"><li><p>Time:<\/p><span>3 D\u00edas<\/span><\/li><li><p>Capacity:<\/p><span>1<\/span><\/li><\/ul><\/div><\/div><\/div><!-- Single Class --><!-- Single Class --><div class=\"col-lg-4 col-md-6\" data-wow-delay=\"0.4s\"><div class=\"class-card\"><div class=\"class-img\"><a href=\"https:\/\/libline.quimint.com\/index.php\/event\/matematicas-cuaderno-de-ejercicios-3\/\"><img decoding=\"async\" src=\"https:\/\/libline.quimint.com\/wp-content\/uploads\/2024\/09\/Matematicas-cuaderno-de-ejercicios.png\" alt=\"Libline\"><\/a><span class=\"class-fee\">1<\/span><\/div><div class=\"class-content\"><h2 class=\"class-title h4\"><a href=\"https:\/\/libline.quimint.com\/index.php\/event\/matematicas-cuaderno-de-ejercicios-3\/\">Cuaderno de Ejercicios 3<\/a><\/h2><p class=\"class-text\">Descubre este libro y comprende c\u00f3mo las matem\u00e1ticas nos rodean.<\/p><ul class=\"class-info\"><li><p>Time:<\/p><span>3 D\u00edas<\/span><\/li><li><p>Capacity:<\/p><span>1<\/span><\/li><\/ul><\/div><\/div><\/div><!-- Single Class --><!-- Single Class --><div class=\"col-lg-4 col-md-6\" data-wow-delay=\"0.6s\"><div class=\"class-card\"><div class=\"class-img\"><a href=\"https:\/\/libline.quimint.com\/index.php\/event\/transformacion-educativa-competencias-matematicas-unoi\/\"><img decoding=\"async\" src=\"https:\/\/libline.quimint.com\/wp-content\/uploads\/2024\/09\/UNO-matematicas.png\" alt=\"Libline\"><\/a><span class=\"class-fee\">2<\/span><\/div><div class=\"class-content\"><h2 class=\"class-title h4\"><a href=\"https:\/\/libline.quimint.com\/index.php\/event\/transformacion-educativa-competencias-matematicas-unoi\/\">Matem\u00e1ticas UNOi<\/a><\/h2><p class=\"class-text\">Conoce este libro y expande tu conocimiento matem\u00e1tico paso a paso.<\/p><ul class=\"class-info\"><li><p>Time:<\/p><span>3 D\u00edas<\/span><\/li><li><p>Capacity:<\/p><span>1<\/span><\/li><\/ul><\/div><\/div><\/div><!-- Single Class --><\/div><\/div><div class=\"shape-mockup shapePulse d-none d-xl-block\" data-top=\"15%\" data-left=\"7%\"><img decoding=\"async\" src=\"https:\/\/wordpress.vecurosoft.com\/knirpse\/wp-content\/uploads\/2022\/01\/dog.png\" alt=\"Libline\"><\/div><div class=\"shape-mockup rotate d-none d-hd-block\" data-bottom=\"17%\" data-left=\"7%\"><img decoding=\"async\" src=\"https:\/\/wordpress.vecurosoft.com\/knirpse\/wp-content\/uploads\/2022\/01\/curve-line.png\" alt=\"Libline\"><\/div><div class=\"shape-mockup rotate z-index-negative\" data-top=\"32%\" data-right=\"9%\"><img decoding=\"async\" src=\"https:\/\/wordpress.vecurosoft.com\/knirpse\/wp-content\/uploads\/2022\/01\/star-3.png\" alt=\"Libline\"><\/div><div class=\"shape-mockup shapePulse d-none d-hd-block\" data-bottom=\"16%\" data-right=\"9%\"><img decoding=\"async\" src=\"https:\/\/wordpress.vecurosoft.com\/knirpse\/wp-content\/uploads\/2022\/01\/triangle.png\" alt=\"Libline\"><\/div><\/div><!-----------------------End Class Area----------------------->\t\t<\/div>\n\t\t\t\t<\/div>\n\t\t\t\t<div class=\"elementor-element elementor-element-aa40a03 elementor-widget elementor-widget-kundaxclasseswidget\" data-id=\"aa40a03\" data-element_type=\"widget\" data-widget_type=\"kundaxclasseswidget.default\">\n\t\t\t\t<div class=\"elementor-widget-container\">\n\t\t\t<!-----------------------Start Class Area-----------------------><div class=\"classes-section space arrow-wrap\"><div class=\"container\"><div class=\"row vs-carousel\"><!-- Single Class --><div class=\"col-lg-4 col-md-6\" data-wow-delay=\"0.2s\"><div class=\"class-card\"><div class=\"class-img\"><a href=\"https:\/\/libline.quimint.com\/index.php\/event\/competencias-y-estandares-en-matematicas-11\/\"><img decoding=\"async\" src=\"https:\/\/libline.quimint.com\/wp-content\/uploads\/2024\/11\/Competencias-y-estandares-en-matematicas-11.png\" alt=\"Libline\"><\/a><span class=\"class-fee\">1<\/span><\/div><div class=\"class-content\"><h2 class=\"class-title h4\"><a href=\"https:\/\/libline.quimint.com\/index.php\/event\/competencias-y-estandares-en-matematicas-11\/\">Matem\u00e1ticas 11<\/a><\/h2><p class=\"class-text\">\u00a1Prep\u00e1rate para dominar las matem\u00e1ticas con este completo libro de competencias y est\u00e1ndares!<\/p><ul class=\"class-info\"><li><p>Time:<\/p><span>3 D\u00edas<\/span><\/li><li><p>Capacity:<\/p><span>1<\/span><\/li><\/ul><\/div><\/div><\/div><!-- Single Class --><!-- Single Class --><div class=\"col-lg-4 col-md-6\" data-wow-delay=\"0.4s\"><div class=\"class-card\"><div class=\"class-img\"><a href=\"https:\/\/libline.quimint.com\/index.php\/event\/espiral-4\/\"><img decoding=\"async\" src=\"https:\/\/libline.quimint.com\/wp-content\/uploads\/2024\/11\/Espiral-4.png\" alt=\"Libline\"><\/a><span class=\"class-fee\">2<\/span><\/div><div class=\"class-content\"><h2 class=\"class-title h4\"><a href=\"https:\/\/libline.quimint.com\/index.php\/event\/espiral-4\/\">Espiral 4<\/a><\/h2><p class=\"class-text\">\u00a1Aprende mientras te diviertes con las actividades de Espiral 4!<\/p><ul class=\"class-info\"><li><p>Time:<\/p><span>3 D\u00edas<\/span><\/li><li><p>Capacity:<\/p><span>1<\/span><\/li><\/ul><\/div><\/div><\/div><!-- Single Class --><!-- Single Class --><div class=\"col-lg-4 col-md-6\" data-wow-delay=\"0.6s\"><div class=\"class-card\"><div class=\"class-img\"><a href=\"https:\/\/libline.quimint.com\/index.php\/event\/matematicas-aplicaciones-y-conexiones-5\/\"><img decoding=\"async\" src=\"https:\/\/libline.quimint.com\/wp-content\/uploads\/2024\/11\/Matematicas-aplicaciones-y-conexiones-5.png\" alt=\"Libline\"><\/a><span class=\"class-fee\">1<\/span><\/div><div class=\"class-content\"><h2 class=\"class-title h4\"><a href=\"https:\/\/libline.quimint.com\/index.php\/event\/matematicas-aplicaciones-y-conexiones-5\/\"> Matem\u00e1ticas 5<\/a><\/h2><p class=\"class-text\">\u00a1Descubre c\u00f3mo aplicar las matem\u00e1ticas en la vida diaria con Aplicaciones y Conexiones 5!<\/p><ul class=\"class-info\"><li><p>Time:<\/p><span>3 D\u00edas<\/span><\/li><li><p>Capacity:<\/p><span>1<\/span><\/li><\/ul><\/div><\/div><\/div><!-- Single Class --><\/div><\/div><div class=\"shape-mockup shapePulse d-none d-xl-block\" data-top=\"15%\" data-left=\"7%\"><img decoding=\"async\" src=\"https:\/\/wordpress.vecurosoft.com\/knirpse\/wp-content\/uploads\/2022\/01\/dog.png\" alt=\"Libline\"><\/div><div class=\"shape-mockup rotate d-none d-hd-block\" data-bottom=\"17%\" data-left=\"7%\"><img decoding=\"async\" src=\"https:\/\/wordpress.vecurosoft.com\/knirpse\/wp-content\/uploads\/2022\/01\/curve-line.png\" alt=\"Libline\"><\/div><div class=\"shape-mockup rotate z-index-negative\" data-top=\"32%\" data-right=\"9%\"><img decoding=\"async\" src=\"https:\/\/wordpress.vecurosoft.com\/knirpse\/wp-content\/uploads\/2022\/01\/star-3.png\" alt=\"Libline\"><\/div><div class=\"shape-mockup shapePulse d-none d-hd-block\" data-bottom=\"16%\" data-right=\"9%\"><img decoding=\"async\" src=\"https:\/\/wordpress.vecurosoft.com\/knirpse\/wp-content\/uploads\/2022\/01\/triangle.png\" alt=\"Libline\"><\/div><\/div><!-----------------------End Class Area----------------------->\t\t<\/div>\n\t\t\t\t<\/div>\n\t\t\t\t\t<\/div>\n\t\t<\/div>\n\t\t\t\t\t<\/div>\n\t\t<\/section>\n\t\t\t\t<\/div>\n\t\t","protected":false},"excerpt":{"rendered":"<p>1 Cuaderno de Trabajo 2: Matem\u00e1ticas Descubre este libro y desentra\u00f1a los secretos de los n\u00fameros. Time: 3 D\u00edas Capacity: 1 1 Educaci\u00f3n B\u00e1sica Primaria: Matem\u00e1ticas Abre este libro y&#8230;<\/p>\n","protected":false},"author":1,"featured_media":4373,"parent":0,"menu_order":0,"comment_status":"closed","ping_status":"closed","template":"","meta":{"_monsterinsights_skip_tracking":false,"_monsterinsights_sitenote_active":false,"_monsterinsights_sitenote_note":"","_monsterinsights_sitenote_category":0,"_price":"","_stock":"","_tribe_ticket_header":"","_tribe_default_ticket_provider":"","_tribe_ticket_capacity":"0","_ticket_start_date":"","_ticket_end_date":"","_tribe_ticket_show_description":"","_tribe_ticket_show_not_going":false,"_tribe_ticket_use_global_stock":"","_tribe_ticket_global_stock_level":"","_global_stock_mode":"","_global_stock_cap":"","_tribe_rsvp_for_event":"","_tribe_ticket_going_count":"","_tribe_ticket_not_going_count":"","_tribe_tickets_list":"[]","_tribe_ticket_has_attendee_info_fields":false,"footnotes":""},"class_list":["post-4727","page","type-page","status-publish","has-post-thumbnail","hentry"],"aioseo_notices":[],"ticketed":false,"_links":{"self":[{"href":"https:\/\/libline.quimint.com\/index.php\/wp-json\/wp\/v2\/pages\/4727","targetHints":{"allow":["GET"]}}],"collection":[{"href":"https:\/\/libline.quimint.com\/index.php\/wp-json\/wp\/v2\/pages"}],"about":[{"href":"https:\/\/libline.quimint.com\/index.php\/wp-json\/wp\/v2\/types\/page"}],"author":[{"embeddable":true,"href":"https:\/\/libline.quimint.com\/index.php\/wp-json\/wp\/v2\/users\/1"}],"replies":[{"embeddable":true,"href":"https:\/\/libline.quimint.com\/index.php\/wp-json\/wp\/v2\/comments?post=4727"}],"version-history":[{"count":16,"href":"https:\/\/libline.quimint.com\/index.php\/wp-json\/wp\/v2\/pages\/4727\/revisions"}],"predecessor-version":[{"id":5623,"href":"https:\/\/libline.quimint.com\/index.php\/wp-json\/wp\/v2\/pages\/4727\/revisions\/5623"}],"wp:featuredmedia":[{"embeddable":true,"href":"https:\/\/libline.quimint.com\/index.php\/wp-json\/wp\/v2\/media\/4373"}],"wp:attachment":[{"href":"https:\/\/libline.quimint.com\/index.php\/wp-json\/wp\/v2\/media?parent=4727"}],"curies":[{"name":"wp","href":"https:\/\/api.w.org\/{rel}","templated":true}]}}