{"id":4905,"date":"2024-10-01T18:40:23","date_gmt":"2024-10-01T23:40:23","guid":{"rendered":"https:\/\/libline.quimint.com\/?page_id=4905"},"modified":"2024-11-03T17:32:22","modified_gmt":"2024-11-03T22:32:22","slug":"categoria-guia-aprendizaje","status":"publish","type":"page","link":"https:\/\/libline.quimint.com\/index.php\/categoria-guia-aprendizaje\/","title":{"rendered":"Categoria Gu\u00edas y Aprendizaje"},"content":{"rendered":"\t\t<div data-elementor-type=\"wp-page\" data-elementor-id=\"4905\" class=\"elementor elementor-4905\">\n\t\t\t\t\t\t<section class=\"elementor-section elementor-top-section elementor-element elementor-element-eabd647 elementor-section-full_width elementor-section-height-default elementor-section-height-default\" data-id=\"eabd647\" data-element_type=\"section\" data-settings=\"{&quot;background_background&quot;:&quot;classic&quot;}\">\n\t\t\t\t\t\t<div class=\"elementor-container elementor-column-gap-no\">\n\t\t\t\t\t<div class=\"elementor-column elementor-col-100 elementor-top-column elementor-element elementor-element-612b8d8\" data-id=\"612b8d8\" data-element_type=\"column\">\n\t\t\t<div class=\"elementor-widget-wrap elementor-element-populated\">\n\t\t\t\t\r\n<!--======== \/ Gallery Section ========-->\t\t<div class=\"elementor-element elementor-element-859f421 elementor-widget elementor-widget-kundaxclasseswidget\" data-id=\"859f421\" data-element_type=\"widget\" data-widget_type=\"kundaxclasseswidget.default\">\n\t\t\t\t<div class=\"elementor-widget-container\">\n\t\t\t<!-----------------------Start Class Area-----------------------><div class=\"classes-section space arrow-wrap\"><div class=\"container\"><div class=\"row vs-carousel\"><!-- Single Class --><div class=\"col-lg-4 col-md-6\" data-wow-delay=\"0.2s\"><div class=\"class-card\"><div class=\"class-img\"><a href=\"https:\/\/libline.quimint.com\/index.php\/event\/nuevo-icfes\/\"><img decoding=\"async\" src=\"https:\/\/libline.quimint.com\/wp-content\/uploads\/2024\/11\/Nuevo-Icfes.png\" alt=\"Libline\"><\/a><span class=\"class-fee\">8<\/span><\/div><div class=\"class-content\"><h2 class=\"class-title h4\"><a href=\"https:\/\/libline.quimint.com\/index.php\/event\/nuevo-icfes\/\">Nuevo ICFES<\/a><\/h2><p class=\"class-text\">\u00a1Prep\u00e1rate para alcanzar tus mejores resultados en el ICFES con este completo libro de pr\u00e1ctica!<\/p><ul class=\"class-info\"><li><p>Time:<\/p><span>3 D\u00edas<\/span><\/li><li><p>Capacity:<\/p><span>1<\/span><\/li><\/ul><\/div><\/div><\/div><!-- Single Class --><!-- Single Class --><div class=\"col-lg-4 col-md-6\" data-wow-delay=\"0.4s\"><div class=\"class-card\"><div class=\"class-img\"><a href=\"https:\/\/libline.quimint.com\/index.php\/event\/pre-icfes-saber-11\/\"><img decoding=\"async\" src=\"https:\/\/libline.quimint.com\/wp-content\/uploads\/2024\/11\/Prre-Icfes-Saber-11.png\" alt=\"Libline\"><\/a><span class=\"class-fee\">1<\/span><\/div><div class=\"class-content\"><h2 class=\"class-title h4\"><a href=\"https:\/\/libline.quimint.com\/index.php\/event\/pre-icfes-saber-11\/\">Pre-ICFES Saber 11<\/a><\/h2><p class=\"class-text\">\u00a1Prep\u00e1rate para el Saber 11 con ejercicios pr\u00e1cticos y simulacros!<\/p><ul class=\"class-info\"><li><p>Time:<\/p><span>3 D\u00edas<\/span><\/li><li><p>Capacity:<\/p><span>1<\/span><\/li><\/ul><\/div><\/div><\/div><!-- Single Class --><!-- Single Class --><div class=\"col-lg-4 col-md-6\" data-wow-delay=\"0.6s\"><div class=\"class-card\"><div class=\"class-img\"><a href=\"https:\/\/libline.quimint.com\/index.php\/event\/quimica-1-guia-para-docentes\/\"><img decoding=\"async\" src=\"https:\/\/libline.quimint.com\/wp-content\/uploads\/2024\/11\/Quimica-1-Guia-para-docentes.png\" alt=\"Libline\"><\/a><span class=\"class-fee\">1<\/span><\/div><div class=\"class-content\"><h2 class=\"class-title h4\"><a href=\"https:\/\/libline.quimint.com\/index.php\/event\/quimica-1-guia-para-docentes\/\">Qu\u00edmica 1<\/a><\/h2><p class=\"class-text\">\u00a1Inspira y gu\u00eda el aprendizaje de la qu\u00edmica en tus estudiantes con esta completa gu\u00eda docente!<\/p><ul class=\"class-info\"><li><p>Time:<\/p><span>3 D\u00edas<\/span><\/li><li><p>Capacity:<\/p><span>1<\/span><\/li><\/ul><\/div><\/div><\/div><!-- Single Class --><\/div><\/div><div class=\"shape-mockup shapePulse d-none d-xl-block\" data-top=\"15%\" data-left=\"7%\"><img decoding=\"async\" src=\"https:\/\/wordpress.vecurosoft.com\/knirpse\/wp-content\/uploads\/2022\/01\/dog.png\" alt=\"Libline\"><\/div><div class=\"shape-mockup rotate d-none d-hd-block\" data-bottom=\"17%\" data-left=\"7%\"><img decoding=\"async\" src=\"https:\/\/wordpress.vecurosoft.com\/knirpse\/wp-content\/uploads\/2022\/01\/curve-line.png\" alt=\"Libline\"><\/div><div class=\"shape-mockup rotate z-index-negative\" data-top=\"32%\" data-right=\"9%\"><img decoding=\"async\" src=\"https:\/\/wordpress.vecurosoft.com\/knirpse\/wp-content\/uploads\/2022\/01\/star-3.png\" alt=\"Libline\"><\/div><div class=\"shape-mockup shapePulse d-none d-hd-block\" data-bottom=\"16%\" data-right=\"9%\"><img decoding=\"async\" src=\"https:\/\/wordpress.vecurosoft.com\/knirpse\/wp-content\/uploads\/2022\/01\/triangle.png\" alt=\"Libline\"><\/div><\/div><!-----------------------End Class Area----------------------->\t\t<\/div>\n\t\t\t\t<\/div>\n\t\t\t\t\t<\/div>\n\t\t<\/div>\n\t\t\t\t\t<\/div>\n\t\t<\/section>\n\t\t\t\t<section class=\"elementor-section elementor-top-section elementor-element elementor-element-3fdd1af elementor-section-full_width elementor-section-height-default elementor-section-height-default\" data-id=\"3fdd1af\" data-element_type=\"section\" data-settings=\"{&quot;background_background&quot;:&quot;classic&quot;}\">\n\t\t\t\t\t\t<div class=\"elementor-container elementor-column-gap-no\">\n\t\t\t\t\t<div class=\"elementor-column elementor-col-100 elementor-top-column elementor-element elementor-element-c6e59cf\" data-id=\"c6e59cf\" data-element_type=\"column\">\n\t\t\t<div class=\"elementor-widget-wrap elementor-element-populated\">\n\t\t\t\t\t\t<div class=\"elementor-element elementor-element-799b630 elementor-widget elementor-widget-kundaxclasseswidget\" data-id=\"799b630\" data-element_type=\"widget\" data-widget_type=\"kundaxclasseswidget.default\">\n\t\t\t\t<div class=\"elementor-widget-container\">\n\t\t\t<!-----------------------Start Class Area-----------------------><div class=\"classes-section space arrow-wrap\"><div class=\"container\"><div class=\"row vs-carousel\"><!-- Single Class --><div class=\"col-lg-4 col-md-6\" data-wow-delay=\"0.2s\"><div class=\"class-card\"><div class=\"class-img\"><a href=\"https:\/\/libline.quimint.com\/index.php\/event\/taller-de-actividades-integrado-1\/\"><img decoding=\"async\" src=\"https:\/\/libline.quimint.com\/wp-content\/uploads\/2024\/11\/Taller-de-Actividades-Integrado-1.png\" alt=\"Libline\"><\/a><span class=\"class-fee\">2<\/span><\/div><div class=\"class-content\"><h2 class=\"class-title h4\"><a href=\"https:\/\/libline.quimint.com\/index.php\/event\/taller-de-actividades-integrado-1\/\">Taller de Actividades Integrado 1<\/a><\/h2><p class=\"class-text\">\u00a1Aprende y divi\u00e9rtete con actividades que te har\u00e1n explorar el mundo de forma integral!<\/p><ul class=\"class-info\"><li><p>Time:<\/p><span>3 D\u00edas<\/span><\/li><li><p>Capacity:<\/p><span>1<\/span><\/li><\/ul><\/div><\/div><\/div><!-- Single Class --><!-- Single Class --><div class=\"col-lg-4 col-md-6\" data-wow-delay=\"0.4s\"><div class=\"class-card\"><div class=\"class-img\"><a href=\"https:\/\/libline.quimint.com\/index.php\/event\/aprender-actuando\/\"><img decoding=\"async\" src=\"https:\/\/libline.quimint.com\/wp-content\/uploads\/2024\/11\/Aprender-Actuando.png\" alt=\"Libline\"><\/a><span class=\"class-fee\">3<\/span><\/div><div class=\"class-content\"><h2 class=\"class-title h4\"><a href=\"https:\/\/libline.quimint.com\/index.php\/event\/aprender-actuando\/\">Aprender Actuando<\/a><\/h2><p class=\"class-text\">\u00a1Descubre el poder de aprender mientras act\u00faas y experimentas en cada lecci\u00f3n!<\/p><ul class=\"class-info\"><li><p>Time:<\/p><span>3 D\u00edas<\/span><\/li><li><p>Capacity:<\/p><span>1<\/span><\/li><\/ul><\/div><\/div><\/div><!-- Single Class --><!-- Single Class --><div class=\"col-lg-4 col-md-6\" data-wow-delay=\"0.6s\"><div class=\"class-card\"><div class=\"class-img\"><a href=\"https:\/\/libline.quimint.com\/index.php\/event\/brujula-estudiantil\/\"><img decoding=\"async\" src=\"https:\/\/libline.quimint.com\/wp-content\/uploads\/2024\/11\/Brujula-Estudiantil.png\" alt=\"Libline\"><\/a><span class=\"class-fee\">8<\/span><\/div><div class=\"class-content\"><h2 class=\"class-title h4\"><a href=\"https:\/\/libline.quimint.com\/index.php\/event\/brujula-estudiantil\/\">Brujula Estudiantil<\/a><\/h2><p class=\"class-text\">\u00a1Encuentra tu camino hacia el \u00e9xito acad\u00e9mico con esta gu\u00eda esencial!\n\n<\/p><ul class=\"class-info\"><li><p>Time:<\/p><span>3 D\u00edas<\/span><\/li><li><p>Capacity:<\/p><span>1<\/span><\/li><\/ul><\/div><\/div><\/div><!-- Single Class --><\/div><\/div><div class=\"shape-mockup shapePulse d-none d-xl-block\" data-top=\"15%\" data-left=\"7%\"><img decoding=\"async\" src=\"https:\/\/wordpress.vecurosoft.com\/knirpse\/wp-content\/uploads\/2022\/01\/dog.png\" alt=\"Libline\"><\/div><div class=\"shape-mockup rotate d-none d-hd-block\" data-bottom=\"17%\" data-left=\"7%\"><img decoding=\"async\" src=\"https:\/\/wordpress.vecurosoft.com\/knirpse\/wp-content\/uploads\/2022\/01\/curve-line.png\" alt=\"Libline\"><\/div><div class=\"shape-mockup rotate z-index-negative\" data-top=\"32%\" data-right=\"9%\"><img decoding=\"async\" src=\"https:\/\/wordpress.vecurosoft.com\/knirpse\/wp-content\/uploads\/2022\/01\/star-3.png\" alt=\"Libline\"><\/div><div class=\"shape-mockup shapePulse d-none d-hd-block\" data-bottom=\"16%\" data-right=\"9%\"><img decoding=\"async\" src=\"https:\/\/wordpress.vecurosoft.com\/knirpse\/wp-content\/uploads\/2022\/01\/triangle.png\" alt=\"Libline\"><\/div><\/div><!-----------------------End Class Area----------------------->\t\t<\/div>\n\t\t\t\t<\/div>\n\t\t\t\t\t<\/div>\n\t\t<\/div>\n\t\t\t\t\t<\/div>\n\t\t<\/section>\n\t\t\t\t<section class=\"elementor-section elementor-top-section elementor-element elementor-element-4b882cf elementor-section-full_width elementor-section-height-default elementor-section-height-default\" data-id=\"4b882cf\" data-element_type=\"section\" data-settings=\"{&quot;background_background&quot;:&quot;classic&quot;}\">\n\t\t\t\t\t\t<div class=\"elementor-container elementor-column-gap-no\">\n\t\t\t\t\t<div class=\"elementor-column elementor-col-100 elementor-top-column elementor-element elementor-element-4329645\" data-id=\"4329645\" data-element_type=\"column\">\n\t\t\t<div class=\"elementor-widget-wrap elementor-element-populated\">\n\t\t\t\t\t\t<div class=\"elementor-element elementor-element-0afffe0 elementor-widget elementor-widget-kundaxclasseswidget\" data-id=\"0afffe0\" data-element_type=\"widget\" data-widget_type=\"kundaxclasseswidget.default\">\n\t\t\t\t<div class=\"elementor-widget-container\">\n\t\t\t<!-----------------------Start Class Area-----------------------><div class=\"classes-section space arrow-wrap\"><div class=\"container\"><div class=\"row vs-carousel\"><!-- Single Class --><div class=\"col-lg-4 col-md-6\" data-wow-delay=\"0.2s\"><div class=\"class-card\"><div class=\"class-img\"><a href=\"https:\/\/libline.quimint.com\/index.php\/event\/competencias-icfes-pensamiento-y-lenguaje\/\"><img decoding=\"async\" src=\"https:\/\/libline.quimint.com\/wp-content\/uploads\/2024\/11\/Competencias-icfes-pensamiento-y-lenguaje-.png\" alt=\"Libline\"><\/a><span class=\"class-fee\">2<\/span><\/div><div class=\"class-content\"><h2 class=\"class-title h4\"><a href=\"https:\/\/libline.quimint.com\/index.php\/event\/competencias-icfes-pensamiento-y-lenguaje\/\">Competencias ICFES<\/a><\/h2><p class=\"class-text\">\u00a1Prep\u00e1rate para el ICFES y fortalece tus habilidades de lenguaje y pensamiento cr\u00edtico!\n\n<\/p><ul class=\"class-info\"><li><p>Time:<\/p><span>3 D\u00edas<\/span><\/li><li><p>Capacity:<\/p><span>1<\/span><\/li><\/ul><\/div><\/div><\/div><!-- Single Class --><!-- Single Class --><div class=\"col-lg-4 col-md-6\" data-wow-delay=\"0.4s\"><div class=\"class-card\"><div class=\"class-img\"><a href=\"https:\/\/libline.quimint.com\/index.php\/event\/educador-aula-significativa-7\/\"><img decoding=\"async\" src=\"https:\/\/libline.quimint.com\/wp-content\/uploads\/2024\/11\/Educador-Aula-significativa-7.png\" alt=\"Libline\"><\/a><span class=\"class-fee\">2<\/span><\/div><div class=\"class-content\"><h2 class=\"class-title h4\"><a href=\"https:\/\/libline.quimint.com\/index.php\/event\/educador-aula-significativa-7\/\">Educador Aula Significativa 7<\/a><\/h2><p class=\"class-text\">\u00a1Transforma tu aula en un espacio de aprendizaje activo y significativo!<\/p><ul class=\"class-info\"><li><p>Time:<\/p><span>3 D\u00edas<\/span><\/li><li><p>Capacity:<\/p><span>1<\/span><\/li><\/ul><\/div><\/div><\/div><!-- Single Class --><!-- Single Class --><div class=\"col-lg-4 col-md-6\" data-wow-delay=\"0.6s\"><div class=\"class-card\"><div class=\"class-img\"><a href=\"https:\/\/libline.quimint.com\/index.php\/event\/guia-de-conceptualizacion\/\"><img decoding=\"async\" src=\"https:\/\/libline.quimint.com\/wp-content\/uploads\/2024\/11\/Guia-Conceptualizacion.png\" alt=\"Libline\"><\/a><span class=\"class-fee\">14<\/span><\/div><div class=\"class-content\"><h2 class=\"class-title h4\"><a href=\"https:\/\/libline.quimint.com\/index.php\/event\/guia-de-conceptualizacion\/\">Gu\u00eda de Conceptualizaci\u00f3n<\/a><\/h2><p class=\"class-text\">Descubre este libro y d\u00e9jate llevar por mundos fascinantes.<\/p><ul class=\"class-info\"><li><p>Time:<\/p><span>3 D\u00edas<\/span><\/li><li><p>Capacity:<\/p><span>1<\/span><\/li><\/ul><\/div><\/div><\/div><!-- Single Class --><\/div><\/div><div class=\"shape-mockup shapePulse d-none d-xl-block\" data-top=\"15%\" data-left=\"7%\"><img decoding=\"async\" src=\"https:\/\/wordpress.vecurosoft.com\/knirpse\/wp-content\/uploads\/2022\/01\/dog.png\" alt=\"Libline\"><\/div><div class=\"shape-mockup rotate d-none d-hd-block\" data-bottom=\"17%\" data-left=\"7%\"><img decoding=\"async\" src=\"https:\/\/wordpress.vecurosoft.com\/knirpse\/wp-content\/uploads\/2022\/01\/curve-line.png\" alt=\"Libline\"><\/div><div class=\"shape-mockup rotate z-index-negative\" data-top=\"32%\" data-right=\"9%\"><img decoding=\"async\" src=\"https:\/\/wordpress.vecurosoft.com\/knirpse\/wp-content\/uploads\/2022\/01\/star-3.png\" alt=\"Libline\"><\/div><div class=\"shape-mockup shapePulse d-none d-hd-block\" data-bottom=\"16%\" data-right=\"9%\"><img decoding=\"async\" src=\"https:\/\/wordpress.vecurosoft.com\/knirpse\/wp-content\/uploads\/2022\/01\/triangle.png\" alt=\"Libline\"><\/div><\/div><!-----------------------End Class Area----------------------->\t\t<\/div>\n\t\t\t\t<\/div>\n\t\t\t\t<div class=\"elementor-element elementor-element-cc9343f elementor-widget elementor-widget-kundaxclasseswidget\" data-id=\"cc9343f\" data-element_type=\"widget\" data-widget_type=\"kundaxclasseswidget.default\">\n\t\t\t\t<div class=\"elementor-widget-container\">\n\t\t\t<!-----------------------Start Class Area-----------------------><div class=\"classes-section space arrow-wrap\"><div class=\"container\"><div class=\"row vs-carousel\"><!-- Single Class --><div class=\"col-lg-4 col-md-6\" data-wow-delay=\"0.2s\"><div class=\"class-card\"><div class=\"class-img\"><a href=\"https:\/\/libline.quimint.com\/index.php\/event\/guia-del-docente-aula-1\/\"><img decoding=\"async\" src=\"https:\/\/libline.quimint.com\/wp-content\/uploads\/2024\/11\/Guia-del-Docente-Aula-1.png\" alt=\"Libline\"><\/a><span class=\"class-fee\">2<\/span><\/div><div class=\"class-content\"><h2 class=\"class-title h4\"><a href=\"https:\/\/libline.quimint.com\/index.php\/event\/guia-del-docente-aula-1\/\">Guia del Docente Aula 1<\/a><\/h2><p class=\"class-text\">\u00a1Inspira y apoya el aprendizaje de tus estudiantes desde el primer d\u00eda en el aula!\n<\/p><ul class=\"class-info\"><li><p>Time:<\/p><span>3 D\u00edas<\/span><\/li><li><p>Capacity:<\/p><span>1<\/span><\/li><\/ul><\/div><\/div><\/div><!-- Single Class --><!-- Single Class --><div class=\"col-lg-4 col-md-6\" data-wow-delay=\"0.4s\"><div class=\"class-card\"><div class=\"class-img\"><a href=\"https:\/\/libline.quimint.com\/index.php\/event\/5686\/\"><img decoding=\"async\" src=\"https:\/\/libline.quimint.com\/wp-content\/uploads\/2024\/11\/Guia-del-Docente-Aula-2.png\" alt=\"Libline\"><\/a><span class=\"class-fee\">2<\/span><\/div><div class=\"class-content\"><h2 class=\"class-title h4\"><a href=\"https:\/\/libline.quimint.com\/index.php\/event\/5686\/\">Guia del Docente Aula 2<\/a><\/h2><p class=\"class-text\">\u00a1Descubre nuevas estrategias para hacer cada clase interesante y educativa!<\/p><ul class=\"class-info\"><li><p>Time:<\/p><span>3 D\u00edas<\/span><\/li><li><p>Capacity:<\/p><span>1<\/span><\/li><\/ul><\/div><\/div><\/div><!-- Single Class --><!-- Single Class --><div class=\"col-lg-4 col-md-6\" data-wow-delay=\"0.6s\"><div class=\"class-card\"><div class=\"class-img\"><a href=\"https:\/\/libline.quimint.com\/index.php\/event\/guia-de-conceptualizacion\/\"><img decoding=\"async\" src=\"https:\/\/libline.quimint.com\/wp-content\/uploads\/2024\/11\/Guia-para-docentes-metafora-7.png\" alt=\"Libline\"><\/a><span class=\"class-fee\">1<\/span><\/div><div class=\"class-content\"><h2 class=\"class-title h4\"><a href=\"https:\/\/libline.quimint.com\/index.php\/event\/guia-de-conceptualizacion\/\">Gu\u00eda para Docentes: Met\u00e1fora 7<\/a><\/h2><p class=\"class-text\">\u00a1Transforma tu ense\u00f1anza y enriquece el aprendizaje de tus estudiantes con el poder de la met\u00e1fora!<\/p><ul class=\"class-info\"><li><p>Time:<\/p><span>3 D\u00edas<\/span><\/li><li><p>Capacity:<\/p><span>1<\/span><\/li><\/ul><\/div><\/div><\/div><!-- Single Class --><\/div><\/div><div class=\"shape-mockup shapePulse d-none d-xl-block\" data-top=\"15%\" data-left=\"7%\"><img decoding=\"async\" src=\"https:\/\/wordpress.vecurosoft.com\/knirpse\/wp-content\/uploads\/2022\/01\/dog.png\" alt=\"Libline\"><\/div><div class=\"shape-mockup rotate d-none d-hd-block\" data-bottom=\"17%\" data-left=\"7%\"><img decoding=\"async\" src=\"https:\/\/wordpress.vecurosoft.com\/knirpse\/wp-content\/uploads\/2022\/01\/curve-line.png\" alt=\"Libline\"><\/div><div class=\"shape-mockup rotate z-index-negative\" data-top=\"32%\" data-right=\"9%\"><img decoding=\"async\" src=\"https:\/\/wordpress.vecurosoft.com\/knirpse\/wp-content\/uploads\/2022\/01\/star-3.png\" alt=\"Libline\"><\/div><div class=\"shape-mockup shapePulse d-none d-hd-block\" data-bottom=\"16%\" data-right=\"9%\"><img decoding=\"async\" src=\"https:\/\/wordpress.vecurosoft.com\/knirpse\/wp-content\/uploads\/2022\/01\/triangle.png\" alt=\"Libline\"><\/div><\/div><!-----------------------End Class Area----------------------->\t\t<\/div>\n\t\t\t\t<\/div>\n\t\t\t\t<div class=\"elementor-element elementor-element-e5d2292 elementor-widget elementor-widget-kundaxclasseswidget\" data-id=\"e5d2292\" data-element_type=\"widget\" data-widget_type=\"kundaxclasseswidget.default\">\n\t\t\t\t<div class=\"elementor-widget-container\">\n\t\t\t<!-----------------------Start Class Area-----------------------><div class=\"classes-section space arrow-wrap\"><div class=\"container\"><div class=\"row vs-carousel\"><!-- Single Class --><div class=\"col-lg-4 col-md-6\" data-wow-delay=\"0.2s\"><div class=\"class-card\"><div class=\"class-img\"><a href=\"https:\/\/libline.quimint.com\/index.php\/event\/herramientas-del-lenguaje-3\/\"><img decoding=\"async\" src=\"https:\/\/libline.quimint.com\/wp-content\/uploads\/2024\/11\/Herrammientas-del-elnguaje-3.png\" alt=\"Libline\"><\/a><span class=\"class-fee\">2<\/span><\/div><div class=\"class-content\"><h2 class=\"class-title h4\"><a href=\"https:\/\/libline.quimint.com\/index.php\/event\/herramientas-del-lenguaje-3\/\">Herramientas del Lenguaje 3<\/a><\/h2><p class=\"class-text\">\u00a1Descubre el fascinante mundo del lenguaje y divi\u00e9rtete aprendiendo!<\/p><ul class=\"class-info\"><li><p>Time:<\/p><span>3 D\u00edas<\/span><\/li><li><p>Capacity:<\/p><span>1<\/span><\/li><\/ul><\/div><\/div><\/div><!-- Single Class --><!-- Single Class --><div class=\"col-lg-4 col-md-6\" data-wow-delay=\"0.4s\"><div class=\"class-card\"><div class=\"class-img\"><a href=\"https:\/\/libline.quimint.com\/index.php\/event\/liderazgo-mision-y-caracter\/\"><img decoding=\"async\" src=\"https:\/\/libline.quimint.com\/wp-content\/uploads\/2024\/11\/Liderazgo-Mision-Caracter.png\" alt=\"Libline\"><\/a><span class=\"class-fee\">2<\/span><\/div><div class=\"class-content\"><h2 class=\"class-title h4\"><a href=\"https:\/\/libline.quimint.com\/index.php\/event\/liderazgo-mision-y-caracter\/\">Liderazgo: Misi\u00f3n y Car\u00e1cter<\/a><\/h2><p class=\"class-text\">\u00a1Descubre nuevas estrategias para hacer cada clase interesante y educativa!<\/p><ul class=\"class-info\"><li><p>Time:<\/p><span>3 D\u00edas<\/span><\/li><li><p>Capacity:<\/p><span>1<\/span><\/li><\/ul><\/div><\/div><\/div><!-- Single Class --><!-- Single Class --><div class=\"col-lg-4 col-md-6\" data-wow-delay=\"0.6s\"><div class=\"class-card\"><div class=\"class-img\"><a href=\"https:\/\/libline.quimint.com\/index.php\/event\/ingrese-a-la-universidad-2\/\"><img decoding=\"async\" src=\"https:\/\/libline.quimint.com\/wp-content\/uploads\/2024\/11\/Ingrese-a-la-unversidad-2.png\" alt=\"Libline\"><\/a><span class=\"class-fee\">1<\/span><\/div><div class=\"class-content\"><h2 class=\"class-title h4\"><a href=\"https:\/\/libline.quimint.com\/index.php\/event\/ingrese-a-la-universidad-2\/\">Ingrese a la Universidad 2<\/a><\/h2><p class=\"class-text\">\u00a1Prep\u00e1rate para dar el gran paso hacia tu futuro acad\u00e9mico con confianza y claridad!<\/p><ul class=\"class-info\"><li><p>Time:<\/p><span>3 D\u00edas<\/span><\/li><li><p>Capacity:<\/p><span>1<\/span><\/li><\/ul><\/div><\/div><\/div><!-- Single Class --><\/div><\/div><div class=\"shape-mockup shapePulse d-none d-xl-block\" data-top=\"15%\" data-left=\"7%\"><img decoding=\"async\" src=\"https:\/\/wordpress.vecurosoft.com\/knirpse\/wp-content\/uploads\/2022\/01\/dog.png\" alt=\"Libline\"><\/div><div class=\"shape-mockup rotate d-none d-hd-block\" data-bottom=\"17%\" data-left=\"7%\"><img decoding=\"async\" src=\"https:\/\/wordpress.vecurosoft.com\/knirpse\/wp-content\/uploads\/2022\/01\/curve-line.png\" alt=\"Libline\"><\/div><div class=\"shape-mockup rotate z-index-negative\" data-top=\"32%\" data-right=\"9%\"><img decoding=\"async\" src=\"https:\/\/wordpress.vecurosoft.com\/knirpse\/wp-content\/uploads\/2022\/01\/star-3.png\" alt=\"Libline\"><\/div><div class=\"shape-mockup shapePulse d-none d-hd-block\" data-bottom=\"16%\" data-right=\"9%\"><img decoding=\"async\" src=\"https:\/\/wordpress.vecurosoft.com\/knirpse\/wp-content\/uploads\/2022\/01\/triangle.png\" alt=\"Libline\"><\/div><\/div><!-----------------------End Class Area----------------------->\t\t<\/div>\n\t\t\t\t<\/div>\n\t\t\t\t\t<\/div>\n\t\t<\/div>\n\t\t\t\t\t<\/div>\n\t\t<\/section>\n\t\t\t\t<\/div>\n\t\t","protected":false},"excerpt":{"rendered":"<p>8 Nuevo ICFES \u00a1Prep\u00e1rate para alcanzar tus mejores resultados en el ICFES con este completo libro de pr\u00e1ctica! Time: 3 D\u00edas Capacity: 1 1 Pre-ICFES Saber 11 \u00a1Prep\u00e1rate para el&#8230;<\/p>\n","protected":false},"author":1,"featured_media":4373,"parent":0,"menu_order":0,"comment_status":"closed","ping_status":"closed","template":"","meta":{"_monsterinsights_skip_tracking":false,"_monsterinsights_sitenote_active":false,"_monsterinsights_sitenote_note":"","_monsterinsights_sitenote_category":0,"_price":"","_stock":"","_tribe_ticket_header":"","_tribe_default_ticket_provider":"","_tribe_ticket_capacity":"0","_ticket_start_date":"","_ticket_end_date":"","_tribe_ticket_show_description":"","_tribe_ticket_show_not_going":false,"_tribe_ticket_use_global_stock":"","_tribe_ticket_global_stock_level":"","_global_stock_mode":"","_global_stock_cap":"","_tribe_rsvp_for_event":"","_tribe_ticket_going_count":"","_tribe_ticket_not_going_count":"","_tribe_tickets_list":"[]","_tribe_ticket_has_attendee_info_fields":false,"footnotes":""},"class_list":["post-4905","page","type-page","status-publish","has-post-thumbnail","hentry"],"aioseo_notices":[],"ticketed":false,"_links":{"self":[{"href":"https:\/\/libline.quimint.com\/index.php\/wp-json\/wp\/v2\/pages\/4905","targetHints":{"allow":["GET"]}}],"collection":[{"href":"https:\/\/libline.quimint.com\/index.php\/wp-json\/wp\/v2\/pages"}],"about":[{"href":"https:\/\/libline.quimint.com\/index.php\/wp-json\/wp\/v2\/types\/page"}],"author":[{"embeddable":true,"href":"https:\/\/libline.quimint.com\/index.php\/wp-json\/wp\/v2\/users\/1"}],"replies":[{"embeddable":true,"href":"https:\/\/libline.quimint.com\/index.php\/wp-json\/wp\/v2\/comments?post=4905"}],"version-history":[{"count":10,"href":"https:\/\/libline.quimint.com\/index.php\/wp-json\/wp\/v2\/pages\/4905\/revisions"}],"predecessor-version":[{"id":5704,"href":"https:\/\/libline.quimint.com\/index.php\/wp-json\/wp\/v2\/pages\/4905\/revisions\/5704"}],"wp:featuredmedia":[{"embeddable":true,"href":"https:\/\/libline.quimint.com\/index.php\/wp-json\/wp\/v2\/media\/4373"}],"wp:attachment":[{"href":"https:\/\/libline.quimint.com\/index.php\/wp-json\/wp\/v2\/media?parent=4905"}],"curies":[{"name":"wp","href":"https:\/\/api.w.org\/{rel}","templated":true}]}}